{"id":69,"date":"2016-03-18T15:17:44","date_gmt":"2016-03-18T14:17:44","guid":{"rendered":"https:\/\/pos.cz\/?page_id=69"},"modified":"2025-01-21T13:04:59","modified_gmt":"2025-01-21T12:04:59","slug":"zakazkova-strojirenska-vyroba","status":"publish","type":"page","link":"https:\/\/pos.cz\/en\/produkty-a-sluzby\/zakazkova-strojirenska-vyroba\/","title":{"rendered":"Custom Manufacturing"},"content":{"rendered":"<p><\/p>\n<hr \/>\n<ul>\n<li>Production according to customer documentation<\/li>\n<li>We use modern computer technology for processing of technological procedures<\/li>\n<li>We have a large machinery park<\/li>\n<\/ul>\n<hr \/>\n<h3><strong>We offer<\/strong><\/h3>\n<p>\u200b<\/p>\n<table>\n<tbody>\n<tr>\n<td>\n<h4><strong>MEDIUM AND LARGE SERIES PRODUCTION OF TURNED PARTS <\/strong><\/h4>\n<ul>\n<li>from diameter 3 mm x 10 mm to diameter 750 mm x 3000 mm<\/li>\n<\/ul>\n<p>&nbsp;<\/p>\n<h4><strong>MILLING WORK <\/strong><\/h4>\n<ul>\n<li>from 20 mm x 5 mm x 3 mm to 1000 mm x 500 mm x 300 mm<\/li>\n<\/ul>\n<\/td>\n<td><a href=\"https:\/\/pos.cz\/wp-content\/uploads\/2019\/04\/zak-1.png\"><img loading=\"lazy\" decoding=\"async\" class=\"wp-image-3098 alignnone\" src=\"https:\/\/pos.cz\/wp-content\/uploads\/2019\/04\/zak-1.png\" alt=\"\" width=\"119\" height=\"79\" srcset=\"https:\/\/pos.cz\/wp-content\/uploads\/2019\/04\/zak-1.png 850w, https:\/\/pos.cz\/wp-content\/uploads\/2019\/04\/zak-1-300x200.png 300w, https:\/\/pos.cz\/wp-content\/uploads\/2019\/04\/zak-1-768x512.png 768w\" sizes=\"auto, (max-width: 119px) 100vw, 119px\" \/><\/a><\/td>\n<td><a href=\"https:\/\/pos.cz\/wp-content\/uploads\/2019\/04\/zak-2.png\"><img loading=\"lazy\" decoding=\"async\" class=\"alignnone wp-image-3099\" src=\"https:\/\/pos.cz\/wp-content\/uploads\/2019\/04\/zak-2.png\" alt=\"\" width=\"168\" height=\"112\" srcset=\"https:\/\/pos.cz\/wp-content\/uploads\/2019\/04\/zak-2.png 809w, https:\/\/pos.cz\/wp-content\/uploads\/2019\/04\/zak-2-300x200.png 300w, https:\/\/pos.cz\/wp-content\/uploads\/2019\/04\/zak-2-768x513.png 768w\" sizes=\"auto, (max-width: 168px) 100vw, 168px\" \/><\/a><\/td>\n<td><a href=\"https:\/\/pos.cz\/wp-content\/uploads\/2019\/04\/zak-4.png\"><img loading=\"lazy\" decoding=\"async\" class=\"alignnone wp-image-3101\" src=\"https:\/\/pos.cz\/wp-content\/uploads\/2019\/04\/zak-4.png\" alt=\"\" width=\"262\" height=\"175\" srcset=\"https:\/\/pos.cz\/wp-content\/uploads\/2019\/04\/zak-4.png 954w, https:\/\/pos.cz\/wp-content\/uploads\/2019\/04\/zak-4-300x200.png 300w, https:\/\/pos.cz\/wp-content\/uploads\/2019\/04\/zak-4-768x512.png 768w\" sizes=\"auto, (max-width: 262px) 100vw, 262px\" \/><\/a><\/td>\n<\/tr>\n<\/tbody>\n<\/table>\n<hr \/>\n<table>\n<tbody>\n<tr>\n<td>\n<h4><strong>NUMERIC MILLED MILLS<\/strong><\/h4>\n<ul>\n<li><strong>SFV 30<\/strong> plate<strong>\u00a0 &#8211; CNC<\/strong> 1300 x 305 &#8211; X=\/Y=\/Z=\/V=\u00a0 760 x 380 x 152 \/360\u00b0<\/li>\n<li><strong>FGS 63 &#8211; CNC<\/strong> 1400 x 630 &#8211; X=\/Y=\/Z=\u00a0 1120 x 630 x 500<\/li>\n<li><strong>PICOMAX 50 &#8211; CNC<\/strong> 750 x 280 &#8211; X=\/Y=\/Z=\/V=\u00a0 420 x 240 x 120 \/ 360\u00b0<\/li>\n<li><strong>FKV 50<\/strong> kop\u00edrka &#8211;<strong> CNC<\/strong> 1800 x 800 &#8211; X=\/Y=\/Z=\u00a0 1000 x 500 x 500<\/li>\n<\/ul>\n<h4><strong>HORIZONTAL BORING MACHINES<\/strong><\/h4>\n<ul>\n<li><strong>VH 10<\/strong> rotate table<strong>\u00a0&#8211; NC<\/strong> 1000 x 1120 \/ 360 &#8211; X=\/Y=\/Z=\/V=\u00a0 1250 x 900 x 1000<\/li>\n<\/ul>\n<h4><strong>UNIVERSAL LATHES<\/strong><\/h4>\n<ul>\n<li><strong>SV 18\/ SU 50\/ SUI 80 &#8211;\u00a0<\/strong>max. workpiece diameter 200 \/ 500 \/ 700, max. turning length 1250 \/ 1500 \/ 3500<\/li>\n<\/ul>\n<\/td>\n<td><a href=\"https:\/\/pos.cz\/wp-content\/uploads\/2019\/04\/zak-stroj-4.jpg\"><img loading=\"lazy\" decoding=\"async\" class=\"wp-image-3139 alignnone\" src=\"https:\/\/pos.cz\/wp-content\/uploads\/2019\/04\/zak-stroj-4-1024x768.jpg\" alt=\"\" width=\"245\" height=\"184\" srcset=\"https:\/\/pos.cz\/wp-content\/uploads\/2019\/04\/zak-stroj-4.jpg 1024w, https:\/\/pos.cz\/wp-content\/uploads\/2019\/04\/zak-stroj-4-300x225.jpg 300w, https:\/\/pos.cz\/wp-content\/uploads\/2019\/04\/zak-stroj-4-768x576.jpg 768w\" sizes=\"auto, (max-width: 245px) 100vw, 245px\" \/><\/a><\/td>\n<td><a href=\"https:\/\/pos.cz\/wp-content\/uploads\/2019\/04\/zak-stroj-5.jpg\"><img loading=\"lazy\" decoding=\"async\" class=\"wp-image-3140 alignnone\" src=\"https:\/\/pos.cz\/wp-content\/uploads\/2019\/04\/zak-stroj-5-1024x768.jpg\" alt=\"\" width=\"245\" height=\"184\" srcset=\"https:\/\/pos.cz\/wp-content\/uploads\/2019\/04\/zak-stroj-5.jpg 1024w, https:\/\/pos.cz\/wp-content\/uploads\/2019\/04\/zak-stroj-5-300x225.jpg 300w, https:\/\/pos.cz\/wp-content\/uploads\/2019\/04\/zak-stroj-5-768x576.jpg 768w\" sizes=\"auto, (max-width: 245px) 100vw, 245px\" \/><\/a><\/td>\n<\/tr>\n<tr>\n<td>\n<h4><strong>VERTICAL HORIZONTAL AND UNIVERSAL MILLS<\/strong><\/h4>\n<ul>\n<li>Type max. sizet &#8220;5&#8221;, table max. 500 x 1200<\/li>\n<\/ul>\n<h4><strong>ROTARY GRINDING<\/strong><\/h4>\n<ul>\n<li><strong>Cylindrical <\/strong>up to max. diameter 500 mm<\/li>\n<li><strong>Centreless<\/strong> up to max. diamete 40 mm<\/li>\n<\/ul>\n<p>&nbsp;<\/p>\n<h4><strong>SURFACE GRINDING <\/strong><\/h4>\n<ul>\n<li>max. 1200&#215;300<\/li>\n<\/ul>\n<p>&nbsp;<\/p>\n<h4><strong>DRILLING<\/strong> &#8211;<\/h4>\n<ul>\n<li>radial, column and row drills<\/li>\n<\/ul>\n<\/td>\n<td><a href=\"https:\/\/pos.cz\/wp-content\/uploads\/2019\/04\/zak-stroj-1.jpg\"><img loading=\"lazy\" decoding=\"async\" class=\"wp-image-3138 alignnone\" src=\"https:\/\/pos.cz\/wp-content\/uploads\/2019\/04\/zak-stroj-1-1024x763.jpg\" alt=\"\" width=\"245\" height=\"183\" srcset=\"https:\/\/pos.cz\/wp-content\/uploads\/2019\/04\/zak-stroj-1.jpg 1024w, https:\/\/pos.cz\/wp-content\/uploads\/2019\/04\/zak-stroj-1-300x224.jpg 300w, https:\/\/pos.cz\/wp-content\/uploads\/2019\/04\/zak-stroj-1-768x572.jpg 768w\" sizes=\"auto, (max-width: 245px) 100vw, 245px\" \/><\/a><\/td>\n<td><a href=\"https:\/\/pos.cz\/wp-content\/uploads\/2019\/04\/zak-stroj-2.jpg\"><img loading=\"lazy\" decoding=\"async\" class=\"wp-image-3137 alignnone\" src=\"https:\/\/pos.cz\/wp-content\/uploads\/2019\/04\/zak-stroj-2-1024x768.jpg\" alt=\"\" width=\"245\" height=\"183\" srcset=\"https:\/\/pos.cz\/wp-content\/uploads\/2019\/04\/zak-stroj-2.jpg 1024w, https:\/\/pos.cz\/wp-content\/uploads\/2019\/04\/zak-stroj-2-300x225.jpg 300w, https:\/\/pos.cz\/wp-content\/uploads\/2019\/04\/zak-stroj-2-768x576.jpg 768w\" sizes=\"auto, (max-width: 245px) 100vw, 245px\" \/><\/a><\/td>\n<\/tr>\n<\/tbody>\n<\/table>\n<p>&nbsp;<\/p>\n<hr \/>\n<table>\n<tbody>\n<tr>\n<td>\n<h3><strong>Machining of<\/strong><\/h3>\n<ul>\n<li>Standard steel, except high alloyed steel<\/li>\n<li>Gray tempered cast iron<\/li>\n<li>Non-ferrous metals, aluminum, brass<\/li>\n<\/ul>\n<\/td>\n<td>\n<h4><strong>\u00a0 \u00a0 \u00a0 \u00a0 \u00a0 \u00a0 \u00a0 \u00a0 \u00a0 \u00a0 \u00a0 \u00a0 \u00a0 \u00a0 \u00a0 \u00a0 \u00a0 \u00a0 \u00a0 \u00a0 \u00a0 \u00a0 \u00a0 \u00a0 \u00a0<\/strong><\/h4>\n<\/td>\n<td><a href=\"https:\/\/pos.cz\/wp-content\/uploads\/2019\/04\/zakazky-7.png\"><img loading=\"lazy\" decoding=\"async\" class=\"wp-image-3115 alignnone\" src=\"https:\/\/pos.cz\/wp-content\/uploads\/2019\/04\/zakazky-7.png\" alt=\"\" width=\"245\" height=\"164\" srcset=\"https:\/\/pos.cz\/wp-content\/uploads\/2019\/04\/zakazky-7.png 640w, https:\/\/pos.cz\/wp-content\/uploads\/2019\/04\/zakazky-7-300x201.png 300w\" sizes=\"auto, (max-width: 245px) 100vw, 245px\" \/><\/a><\/td>\n<td><a href=\"https:\/\/pos.cz\/wp-content\/uploads\/2019\/04\/zakazky-5.png\"><img loading=\"lazy\" decoding=\"async\" class=\"alignnone wp-image-3114\" src=\"https:\/\/pos.cz\/wp-content\/uploads\/2019\/04\/zakazky-5.png\" alt=\"\" width=\"245\" height=\"164\" srcset=\"https:\/\/pos.cz\/wp-content\/uploads\/2019\/04\/zakazky-5.png 640w, https:\/\/pos.cz\/wp-content\/uploads\/2019\/04\/zakazky-5-300x201.png 300w\" sizes=\"auto, (max-width: 245px) 100vw, 245px\" \/><\/a><\/td>\n<\/tr>\n<tr>\n<td>\n<h3><strong>Production<\/strong><\/h3>\n<ul>\n<li>Engineering parts<\/li>\n<li>Jigs and tools, pressing tools<\/li>\n<li>Gauges<\/li>\n<li>Measuring jigs<\/li>\n<li>Fixtures<\/li>\n<li>Manufacture and assembly of complete assemblies<\/li>\n<\/ul>\n<\/td>\n<td>\n<h4><\/h4>\n<\/td>\n<td><a href=\"https:\/\/pos.cz\/wp-content\/uploads\/2019\/04\/zakazky-1.png\"><img loading=\"lazy\" decoding=\"async\" class=\"wp-image-3113 alignnone\" src=\"https:\/\/pos.cz\/wp-content\/uploads\/2019\/04\/zakazky-1.png\" alt=\"\" width=\"245\" height=\"164\" srcset=\"https:\/\/pos.cz\/wp-content\/uploads\/2019\/04\/zakazky-1.png 640w, https:\/\/pos.cz\/wp-content\/uploads\/2019\/04\/zakazky-1-300x201.png 300w\" sizes=\"auto, (max-width: 245px) 100vw, 245px\" \/><\/a><\/td>\n<td><a href=\"https:\/\/pos.cz\/wp-content\/uploads\/2019\/04\/zazky-2.png\"><img loading=\"lazy\" decoding=\"async\" class=\"wp-image-3116 alignnone\" src=\"https:\/\/pos.cz\/wp-content\/uploads\/2019\/04\/zazky-2.png\" alt=\"\" width=\"245\" height=\"164\" srcset=\"https:\/\/pos.cz\/wp-content\/uploads\/2019\/04\/zazky-2.png 640w, https:\/\/pos.cz\/wp-content\/uploads\/2019\/04\/zazky-2-300x201.png 300w\" sizes=\"auto, (max-width: 245px) 100vw, 245px\" \/><\/a><\/td>\n<\/tr>\n<\/tbody>\n<\/table>\n<p>&nbsp;<\/p>\n<hr \/>\n<p>&nbsp;<\/p>\n<h3><strong>Special workshop<\/strong><\/h3>\n<ul>\n<li>Complete production of bended and welded parts<\/li>\n<li>Welding of standard materials, stainless steel, aluminum, bronze, copper and finishing<\/li>\n<li>Material cutting &#8211; max. cut diameter 300 mm, max. sheet thickness 6 mm, max. cutting length 2000 mm<\/li>\n<li>Hardening and annealing<\/li>\n<li>Galvanic surface treatment<\/li>\n<li>Topcoats in RAL colors as required<\/li>\n<\/ul>\n<hr \/>\n<h3><strong>Assembly<\/strong><\/h3>\n<ul>\n<li>Assembly of medium size units up to the weight of 500 kg with optional pressure tests<\/li>\n<\/ul>\n<hr \/>\n<h3><strong>Quality<\/strong><\/h3>\n<ul>\n<li>Supervisory measurement centre with comprehensive inspection services<\/li>\n<li>Quality is monitored starting with materials entering the firm; production quality is then further monitored by means of in-process and final inspections<\/li>\n<li>Inspection is carried out by qualified staff using advanced measurement methods, e.g. by means of 3D machines and other measuring equipment designed for accuracy and quality verification.<\/li>\n<li>Poli\u010dsk\u00e9 stroj\u00edrny a.s. Quality System is certified according to the following standards <a href=\"https:\/\/pos.cz\/wp-content\/uploads\/2017\/11\/certifikace_9001_cj.jpg\">9001:2015<\/a>, <a href=\"https:\/\/pos.cz\/wp-content\/uploads\/2018\/03\/14001_2017_cj.jpg\">EN ISO 14001:2014<\/a>, <a href=\"https:\/\/pos.cz\/wp-content\/uploads\/2017\/11\/certifikace_18001_cj.jpg\">BS OHSAS 18001:2007<\/a>, <a href=\"https:\/\/pos.cz\/wp-content\/uploads\/2018\/03\/IATF_cz.jpg\">IATF 16949:2016<\/a>, the system complies also with the requirements of <a href=\"https:\/\/pos.cz\/wp-content\/uploads\/2018\/10\/certifikace_aqap_cj.jpg\">AQAP<\/a> standards<\/li>\n<\/ul>\n<hr \/>\n<h3><strong>Main measuring equipment<\/strong><\/h3>\n<ul>\n<li>3D measuring machines Wenzel LH 87, including scanning heads, and Somet XYZ 464 B<\/li>\n<li>Contact profilometer Hommel &#8211; Tester T8000 for profile measurement including roughness<\/li>\n<li>Authorised metrology centre for verification and calibration of flow measuring gauges with diameters DN 50, 80, and 100, up to the flow rate of 2000 l\/min.<\/li>\n<\/ul>\n<hr \/>\n<p>&nbsp;<\/p>\n<h3><strong>CLAMPING TOOLS<\/strong><\/h3>\n<h3><\/h3>\n<h4><strong>Drill chucks<\/strong><a href=\"\/wp-content\/uploads\/2016\/03\/upinaci-naradi.png\"><img decoding=\"async\" class=\"alignnone\" style=\"width: 323px; height: 242px; float: right;\" src=\"\/wp-content\/uploads\/2016\/03\/upinaci-naradi.png\" alt=\"Up\u00ednac\u00ed n\u00e1\u0159ad\u00ed\" \/><\/a><\/h4>\n<ul>\n<li><a href=\"\/\/pos.cz\/wp-content\/uploads\/2019\/04\/zak-sklicidla-uss.pdf\">Drill chucks with key<\/a><\/li>\n<li><a href=\"\/\/pos.cz\/wp-content\/uploads\/2019\/04\/zak-sklicidla-uss.pdf\">Self-tightening drill chucks<\/a><\/li>\n<\/ul>\n<p>&nbsp;<\/p>\n<div class=\"frame\">\n<div class=\"page tlid-homepage homepage translate-text\">\n<div class=\"homepage-content-wrap\">\n<div class=\"tlid-source-target main-header small-font\">\n<div class=\"source-target-row\">\n<div class=\"tlid-results-container results-container\">\n<div class=\"tlid-result result-dict-wrapper\">\n<div class=\"result tlid-copy-target\">\n<div class=\"text-wrap tlid-copy-target\">\n<h4 class=\"result-shield-container tlid-copy-target\" tabindex=\"0\"><strong><span class=\"tlid-translation translation\" lang=\"en\"><span title=\"\">Pneumatic clamping chucks <\/span><\/span>&#8211; <\/strong><span style=\"color: #808080;\">CLEARANCE SALE<\/span><\/h4>\n<\/div>\n<\/div>\n<\/div>\n<\/div>\n<\/div>\n<\/div>\n<\/div>\n<\/div>\n<\/div>\n<ul>\n<li><a href=\"\/\/pos.cz\/wp-content\/uploads\/2019\/04\/zak-sklicidla-pu2s.pdf\">Pneumatic two-jaw clamping chucks<\/a><\/li>\n<li><a href=\"\/\/pos.cz\/wp-content\/uploads\/2019\/04\/zak-sklicidla-pu3s.pdf\">Pneumatic three-jaw clamping chucks<\/a><\/li>\n<\/ul>\n<p>&nbsp;<\/p>\n<h4><strong>Pneumatick\u00e9 v\u00e1lce rota\u010dn\u00ed\u00a0 &#8211;\u00a0 <\/strong><span style=\"color: #808080;\">CLEARANCE SALE<\/span><\/h4>\n<ul>\n<li><a href=\"\/\/pos.cz\/wp-content\/uploads\/2019\/04\/zak-sklicidla-pvr.pdf\">Pneumatic rotary cylinders<\/a><\/li>\n<li><a href=\"\/\/pos.cz\/wp-content\/uploads\/2019\/04\/zak-sklicidla-pvrt.pdf\">Pneumatic rotary tandem cylinders<\/a><\/li>\n<\/ul>\n<p>&nbsp;<\/p>\n<ul>\n<li><a href=\"\/\/pos.cz\/wp-content\/uploads\/2019\/04\/zak-sklicidla-fs.pdf\">Instrument for precise adjustment of machine tool spindles<\/a><\/li>\n<\/ul>\n<p>&nbsp;<\/p>\n<ul>\n<li><a href=\"\/\/pos.cz\/wp-content\/uploads\/2019\/04\/zak-sklicidla-schema-zapojeni.pdf\">Recommended engagement of pneumatic circuit<\/a><\/li>\n<\/ul>\n<hr \/>\n<p><strong>Contact:<\/strong><\/p>\n<p>Tel.: +420 461 751 549 &#8211; \u0160t\u011bp\u00e1n Krej\u010d\u00ed<\/p>\n<p>E-mail:\u00a0<a href=\"mailto:sale@pos.cz\">sale@pos.cz<\/a><\/p>\n<p>&nbsp;<\/p>","protected":false},"excerpt":{"rendered":"<p>Production according to customer documentation We use modern computer technology for processing of technological procedures We have a large machinery park We offer \u200b MEDIUM AND LARGE SERIES PRODUCTION OF TURNED PARTS from diameter 3 mm x 10 mm to diameter 750 mm x 3000 mm &nbsp; MILLING WORK from 20 mm x 5 mm &hellip;<\/p>\n","protected":false},"author":1,"featured_media":0,"parent":19,"menu_order":4,"comment_status":"open","ping_status":"open","template":"","meta":{"_acf_changed":false,"footnotes":""},"class_list":["post-69","page","type-page","status-publish","hentry"],"acf":[],"_links":{"self":[{"href":"https:\/\/pos.cz\/en\/wp-json\/wp\/v2\/pages\/69","targetHints":{"allow":["GET"]}}],"collection":[{"href":"https:\/\/pos.cz\/en\/wp-json\/wp\/v2\/pages"}],"about":[{"href":"https:\/\/pos.cz\/en\/wp-json\/wp\/v2\/types\/page"}],"author":[{"embeddable":true,"href":"https:\/\/pos.cz\/en\/wp-json\/wp\/v2\/users\/1"}],"replies":[{"embeddable":true,"href":"https:\/\/pos.cz\/en\/wp-json\/wp\/v2\/comments?post=69"}],"version-history":[{"count":98,"href":"https:\/\/pos.cz\/en\/wp-json\/wp\/v2\/pages\/69\/revisions"}],"predecessor-version":[{"id":4466,"href":"https:\/\/pos.cz\/en\/wp-json\/wp\/v2\/pages\/69\/revisions\/4466"}],"up":[{"embeddable":true,"href":"https:\/\/pos.cz\/en\/wp-json\/wp\/v2\/pages\/19"}],"wp:attachment":[{"href":"https:\/\/pos.cz\/en\/wp-json\/wp\/v2\/media?parent=69"}],"curies":[{"name":"wp","href":"https:\/\/api.w.org\/{rel}","templated":true}]}}