{"id":52,"date":"2016-03-09T22:06:06","date_gmt":"2016-03-09T21:06:06","guid":{"rendered":"https:\/\/pos.cz\/?page_id=52"},"modified":"2025-01-21T12:57:04","modified_gmt":"2025-01-21T11:57:04","slug":"merici-a-cerpaci-technika","status":"publish","type":"page","link":"https:\/\/pos.cz\/en\/produkty-a-sluzby\/merici-a-cerpaci-technika\/","title":{"rendered":"Measurement and Pumping Equipment"},"content":{"rendered":"<p>These products are designed especially for fuel\/mineral oil\/chemicals storage, handling and distribution systems. They include filtration, calibrated and certified measurement, separation of air and vapours, and loading of truck tanks and tank cars using hoses and top and bottom loading arms.<\/p>\n<p>Poli\u010dsk\u00e9 stroj\u00edrny a.s. has been manufacturing these products under the HEFA brand since 1924.<\/p>\n<p>&nbsp;<\/p>\n<hr \/>\n<h2><span style=\"color: #ff0000;\"><strong>WHAT&#8217;S NEW<\/strong><\/span><\/h2>\n<p>&nbsp;<\/p>\n<p><strong>Folding stairs with moveable equipment<\/strong><\/p>\n<p>In cooperation with our customer, we have developed and realized a stairs carriage.<\/p>\n<p>The carriage is used to set correct position of stairs on the tank in the case of different railway tanks&#8217; length.<\/p>\n<p>&nbsp;<\/p>\n<p><a href=\"https:\/\/pos.cz\/wp-content\/uploads\/2018\/11\/hefa_novinky_schody_pricny_pojezd_1.jpg\"><img loading=\"lazy\" decoding=\"async\" class=\"wp-image-2956 alignnone\" src=\"https:\/\/pos.cz\/wp-content\/uploads\/2018\/11\/hefa_novinky_schody_pricny_pojezd_1-576x1024.jpg\" alt=\"\" width=\"141\" height=\"252\" srcset=\"https:\/\/pos.cz\/wp-content\/uploads\/2018\/11\/hefa_novinky_schody_pricny_pojezd_1-576x1024.jpg 576w, https:\/\/pos.cz\/wp-content\/uploads\/2018\/11\/hefa_novinky_schody_pricny_pojezd_1-768x1365.jpg 768w, https:\/\/pos.cz\/wp-content\/uploads\/2018\/11\/hefa_novinky_schody_pricny_pojezd_1.jpg 1080w\" sizes=\"auto, (max-width: 141px) 100vw, 141px\" \/>\u00a0\u00a0<\/a><a href=\"https:\/\/pos.cz\/wp-content\/uploads\/2018\/11\/hefa_novinky_schody_pricny_pojezd-e1542967133146.jpg\"><img loading=\"lazy\" decoding=\"async\" class=\"wp-image-2955 alignnone\" src=\"https:\/\/pos.cz\/wp-content\/uploads\/2018\/11\/hefa_novinky_schody_pricny_pojezd-e1542967133146-768x1024.jpg\" alt=\"\" width=\"189\" height=\"252\" \/><\/a><\/p>\n<p>&nbsp;<\/p>\n<hr \/>\n<p><strong>FOLDING STAIRS WITH PNEUMATIC CONTROL SCHS\/P<\/strong><\/p>\n<p>Extension of the range of folding stairs delivered as standard by a\u00a0version with pneumatic control.<\/p>\n<p>&nbsp;<\/p>\n<p><a href=\"https:\/\/pos.cz\/wp-content\/uploads\/2018\/03\/hefa_sklopne_schody_s_pneumatickym_ovladanim_en.jpg\"><img loading=\"lazy\" decoding=\"async\" class=\"alignnone size-medium wp-image-2614\" src=\"https:\/\/pos.cz\/wp-content\/uploads\/2018\/03\/hefa_sklopne_schody_s_pneumatickym_ovladanim_en-212x300.jpg\" alt=\"\" width=\"212\" height=\"300\" srcset=\"https:\/\/pos.cz\/wp-content\/uploads\/2018\/03\/hefa_sklopne_schody_s_pneumatickym_ovladanim_en-212x300.jpg 212w, https:\/\/pos.cz\/wp-content\/uploads\/2018\/03\/hefa_sklopne_schody_s_pneumatickym_ovladanim_en-768x1085.jpg 768w, https:\/\/pos.cz\/wp-content\/uploads\/2018\/03\/hefa_sklopne_schody_s_pneumatickym_ovladanim_en-725x1024.jpg 725w\" sizes=\"auto, (max-width: 212px) 100vw, 212px\" \/><\/a><\/p>\n<p>&nbsp;<\/p>\n<hr \/>\n<p><a href=\"\/\/pos.cz\/wp-content\/uploads\/2017\/03\/filtry_a_odlucovace_odlucovac_n198.pdf\"><strong>AIR SEPARATORS FOR LARGE FLOW<\/strong><\/a><\/p>\n<p>We have extended the range of N198 separators FOR DN150 and DN200 &#8211; flow rates of 300 m3\/h and 420 m3\/h.<\/p>\n<p>The separators are certified &#8211; Evaluation certificate.<\/p>\n<p>See more at relevant page.<\/p>\n<p>&nbsp;<\/p>\n<p>&nbsp;<\/p>\n<hr \/>\n<div class=\"categories\">\n<div class=\"col-md-6\">\n<div class=\"row\">\n<div class=\"item\">\n<table>\n<tbody>\n<tr>\n<td><img decoding=\"async\" class=\"img-responsive\" style=\"width: 235px; height: 154px;\" src=\"\/wp-content\/uploads\/2016\/03\/merici_a_cerpaci_objemova_meridla.png\" alt=\"Objemov\u00e1 m\u011b\u0159idla\" \/><\/td>\n<td>\n<h3><a href=\"\/produkty-a-sluzby\/merici-a-cerpaci-technika\/objemova-meridla\/\">Volume meters<\/a><\/h3>\n<\/td>\n<\/tr>\n<\/tbody>\n<\/table>\n<\/div>\n<\/div>\n<\/div>\n<div class=\"col-md-6\">\n<div class=\"row\">\n<div class=\"item\">\n<table>\n<tbody>\n<tr>\n<td><img decoding=\"async\" class=\"img-responsive\" src=\"\/wp-content\/uploads\/2016\/03\/merici_a_cerpaci_filtry.png\" alt=\"Filtry a odlu\u010dova\u010de\" \/><\/td>\n<td>\n<h3><a href=\"\/produkty-a-sluzby\/merici-a-cerpaci-technika\/filtry-a-odlucovace\/\">Filers and sepatrators<\/a><\/h3>\n<\/td>\n<\/tr>\n<\/tbody>\n<\/table>\n<\/div>\n<\/div>\n<\/div>\n<div class=\"col-md-6\">\n<div class=\"row\">\n<div class=\"item\">\n<table>\n<tbody>\n<tr>\n<td><img decoding=\"async\" class=\"img-responsive\" src=\"\/wp-content\/uploads\/2016\/03\/merici_a_cerpaci_ramena.png\" alt=\"PV\u00fddejn\u00ed ramena\" \/><\/td>\n<td>\n<h3><a href=\"\/produkty-a-sluzby\/merici-a-cerpaci-technika\/vydejni-ramena\/\">Loading arms<\/a><\/h3>\n<\/td>\n<\/tr>\n<\/tbody>\n<\/table>\n<\/div>\n<\/div>\n<\/div>\n<div class=\"col-md-6\">\n<div class=\"row\">\n<div class=\"item\">\n<table>\n<tbody>\n<tr>\n<td><img decoding=\"async\" class=\"img-responsive\" style=\"width: 235px; height: 154px;\" src=\"\/wp-content\/uploads\/2016\/03\/merici_a_cerpaci_armatury.png\" alt=\"Armatury a p\u0159\u00edslu\u0161enstv\u00ed\" \/><\/td>\n<td>\n<h3><a href=\"\/produkty-a-sluzby\/merici-a-cerpaci-technika\/armatury-a-prislusenstvi\/\">Fitting and accessories<\/a><\/h3>\n<\/td>\n<\/tr>\n<\/tbody>\n<\/table>\n<\/div>\n<\/div>\n<\/div>\n<div><\/div>\n<div><strong>Contacts:<\/strong><\/div>\n<div>\n<p>Tel.: +420 461 751 512 \u2013 Petr Jar\u016f\u0161ek<\/p>\n<\/div>\n<div>\n<p>Fax: +420 461 751\u00a0575<\/p>\n<\/div>\n<div>\n<p>E-mail:\u00a0<a href=\"mailto:hefa@pos.cz\">hefa@pos.cz<\/a><\/p>\n<\/div>\n<\/div>\n<div><\/div>\n<p><\/p>","protected":false},"excerpt":{"rendered":"<p>These products are designed especially for fuel\/mineral oil\/chemicals storage, handling and distribution systems. They include filtration, calibrated and certified measurement, separation of air and vapours, and loading of truck tanks and tank cars using hoses and top and bottom loading arms. Poli\u010dsk\u00e9 stroj\u00edrny a.s. has been manufacturing these products under the HEFA brand since 1924. &hellip;<\/p>\n","protected":false},"author":1,"featured_media":0,"parent":19,"menu_order":3,"comment_status":"open","ping_status":"open","template":"","meta":{"_acf_changed":false,"footnotes":""},"class_list":["post-52","page","type-page","status-publish","hentry"],"acf":[],"_links":{"self":[{"href":"https:\/\/pos.cz\/en\/wp-json\/wp\/v2\/pages\/52","targetHints":{"allow":["GET"]}}],"collection":[{"href":"https:\/\/pos.cz\/en\/wp-json\/wp\/v2\/pages"}],"about":[{"href":"https:\/\/pos.cz\/en\/wp-json\/wp\/v2\/types\/page"}],"author":[{"embeddable":true,"href":"https:\/\/pos.cz\/en\/wp-json\/wp\/v2\/users\/1"}],"replies":[{"embeddable":true,"href":"https:\/\/pos.cz\/en\/wp-json\/wp\/v2\/comments?post=52"}],"version-history":[{"count":91,"href":"https:\/\/pos.cz\/en\/wp-json\/wp\/v2\/pages\/52\/revisions"}],"predecessor-version":[{"id":4465,"href":"https:\/\/pos.cz\/en\/wp-json\/wp\/v2\/pages\/52\/revisions\/4465"}],"up":[{"embeddable":true,"href":"https:\/\/pos.cz\/en\/wp-json\/wp\/v2\/pages\/19"}],"wp:attachment":[{"href":"https:\/\/pos.cz\/en\/wp-json\/wp\/v2\/media?parent=52"}],"curies":[{"name":"wp","href":"https:\/\/api.w.org\/{rel}","templated":true}]}}