{"id":49,"date":"2016-03-09T22:01:21","date_gmt":"2016-03-09T21:01:21","guid":{"rendered":"https:\/\/pos.cz\/?page_id=49"},"modified":"2024-08-26T07:19:47","modified_gmt":"2024-08-26T06:19:47","slug":"sroubeni-hadicky-a-prislusenstvi","status":"publish","type":"page","link":"https:\/\/pos.cz\/en\/produkty-a-sluzby\/pneumaticke-prvky-standardni-a-s-vysokym-zatizenim\/sroubeni-hadicky-a-prislusenstvi\/","title":{"rendered":"Fittings, hoses and accessories"},"content":{"rendered":"<p><\/p>\n<div class=\"items\">\n<table>\n<tbody>\n<tr>\n<td><a href=\"\/\/pos.cz\/wp-content\/uploads\/2016\/06\/nastrcne_kovove.pdf\"><img loading=\"lazy\" decoding=\"async\" class=\"alignnone wp-image-1240 size-full\" src=\"https:\/\/pos.cz\/wp-content\/uploads\/2016\/06\/sroubeni_hadicky_nastrcne_sroubeni_kovove.jpg\" alt=\"\" width=\"235\" height=\"154\" \/><\/a><\/td>\n<td>\n<h3><a href=\"\/\/pos.cz\/wp-content\/uploads\/2016\/06\/nastrcne_kovove.pdf\">N\u00e1str\u010dn\u00e9 \u0161rouben\u00ed kovov\u00e9<\/a><\/h3>\n<\/td>\n<td><a class=\"ico_detail\" href=\"\/\/pos.cz\/wp-content\/uploads\/2016\/06\/nastrcne_kovove.pdf\"><img decoding=\"async\" class=\"\" src=\"\/wp-content\/themes\/bootstrap-basic\/img\/ico_detail.png\" alt=\"detail\" \/><\/a><\/td>\n<\/tr>\n<tr>\n<td><a href=\"https:\/\/pos.cz\/wp-content\/uploads\/2016\/03\/sroubeni_hadicky_sroubeni_s_prevlecnou_matici_kovove.jpg\"><img loading=\"lazy\" decoding=\"async\" class=\"alignnone size-full wp-image-1103\" src=\"https:\/\/pos.cz\/wp-content\/uploads\/2016\/03\/sroubeni_hadicky_sroubeni_s_prevlecnou_matici_kovove.jpg\" alt=\"sroubeni_hadicky_sroubeni_s_prevlecnou_matici_kovove\" width=\"235\" height=\"154\" \/><\/a><\/td>\n<td>\n<h3><a href=\"\/wp-content\/uploads\/2016\/03\/prevlec_matice.pdf\">\u0160rouben\u00ed s p\u0159evle\u010dnou matic\u00ed kovov\u00e9<\/a><\/h3>\n<\/td>\n<td><a class=\"ico_detail\" href=\"\/wp-content\/uploads\/2016\/03\/prevlec_matice.pdf\"><img decoding=\"async\" class=\"\" src=\"\/wp-content\/themes\/bootstrap-basic\/img\/ico_detail.png\" alt=\"detail\" \/><\/a><\/td>\n<\/tr>\n<tr>\n<td><a href=\"https:\/\/pos.cz\/wp-content\/uploads\/2016\/03\/sroubeni_hadicky_nastrcne_sroubeni_plastove.jpg\"><img loading=\"lazy\" decoding=\"async\" class=\"alignnone size-full wp-image-1099\" src=\"https:\/\/pos.cz\/wp-content\/uploads\/2016\/03\/sroubeni_hadicky_nastrcne_sroubeni_plastove.jpg\" alt=\"sroubeni_hadicky_nastrcne_sroubeni_plastove\" width=\"235\" height=\"154\" \/><\/a><\/td>\n<td>\n<h3><a href=\"\/\/pos.cz\/wp-content\/uploads\/2016\/03\/nastrcne_plastove-1.pdf\">N\u00e1str\u010dn\u00e9 \u0161rouben\u00ed plastov\u00e9<\/a><\/h3>\n<\/td>\n<td><a class=\"ico_detail\" href=\"\/\/pos.cz\/wp-content\/uploads\/2016\/03\/nastrcne_plastove-1.pdf\"><img decoding=\"async\" class=\"\" src=\"\/wp-content\/themes\/bootstrap-basic\/img\/ico_detail.png\" alt=\"detail\" \/><\/a><\/td>\n<\/tr>\n<tr>\n<td><a href=\"https:\/\/pos.cz\/wp-content\/uploads\/2016\/03\/sroubeni_hadicky_redukce_prechody.jpg\"><img loading=\"lazy\" decoding=\"async\" class=\"alignnone size-full wp-image-1100\" src=\"https:\/\/pos.cz\/wp-content\/uploads\/2016\/03\/sroubeni_hadicky_redukce_prechody.jpg\" alt=\"sroubeni_hadicky_redukce_prechody\" width=\"235\" height=\"154\" \/><\/a><\/td>\n<td>\n<h3><a href=\"\/wp-content\/uploads\/2016\/03\/prisl_sroubeni.pdf\">Redukce, p\u0159echodky<\/a><\/h3>\n<\/td>\n<td><a class=\"ico_detail\" href=\"\/wp-content\/uploads\/2016\/03\/prisl_sroubeni.pdf\"><img decoding=\"async\" src=\"\/wp-content\/themes\/bootstrap-basic\/img\/ico_detail.png\" alt=\"detail\" \/><\/a><\/td>\n<\/tr>\n<tr>\n<td><a href=\"https:\/\/pos.cz\/wp-content\/uploads\/2016\/03\/sroubeni_hadicky_kulove_kohouty.jpg\"><img loading=\"lazy\" decoding=\"async\" class=\"alignnone size-full wp-image-1097\" src=\"https:\/\/pos.cz\/wp-content\/uploads\/2016\/03\/sroubeni_hadicky_kulove_kohouty.jpg\" alt=\"sroubeni_hadicky_kulove_kohouty\" width=\"235\" height=\"154\" \/><\/a><\/td>\n<td>\n<h3><a href=\"\/wp-content\/uploads\/2016\/03\/kul_kohouty.pdf\">Kulov\u00e9 kohouty<\/a><\/h3>\n<\/td>\n<td><a class=\"ico_detail\" href=\"\/wp-content\/uploads\/2016\/03\/kul_kohouty.pdf\"><img decoding=\"async\" src=\"\/wp-content\/themes\/bootstrap-basic\/img\/ico_detail.png\" alt=\"detail\" \/><\/a><\/td>\n<\/tr>\n<tr>\n<td><a href=\"https:\/\/pos.cz\/wp-content\/uploads\/2016\/03\/sroubeni_hadicky_rychlospojky.jpg\"><img loading=\"lazy\" decoding=\"async\" class=\"alignnone size-full wp-image-1101\" src=\"https:\/\/pos.cz\/wp-content\/uploads\/2016\/03\/sroubeni_hadicky_rychlospojky.jpg\" alt=\"sroubeni_hadicky_rychlospojky\" width=\"235\" height=\"154\" \/><\/a><\/td>\n<td>\n<h3><a href=\"\/wp-content\/uploads\/2016\/03\/rychlospojky.pdf\">Rychlospojky<\/a><\/h3>\n<\/td>\n<td><a class=\"ico_detail\" href=\"\/wp-content\/uploads\/2016\/03\/rychlospojky.pdf\"><img decoding=\"async\" src=\"\/wp-content\/themes\/bootstrap-basic\/img\/ico_detail.png\" alt=\"detail\" \/><\/a><\/td>\n<\/tr>\n<tr>\n<td><a href=\"https:\/\/pos.cz\/wp-content\/uploads\/2016\/03\/sroubeni_hadicky_spiralove.jpg\"><img loading=\"lazy\" decoding=\"async\" class=\"alignnone size-full wp-image-1102\" src=\"https:\/\/pos.cz\/wp-content\/uploads\/2016\/03\/sroubeni_hadicky_spiralove.jpg\" alt=\"sroubeni_hadicky_spiralove\" width=\"235\" height=\"154\" \/><\/a><\/td>\n<td>\n<h3><a href=\"\/wp-content\/uploads\/2016\/03\/hadicky.pdf\">Hadi\u010dky, spir\u00e1lov\u00e9 hadi\u010dky<\/a><\/h3>\n<\/td>\n<td><a class=\"ico_detail\" href=\"\/wp-content\/uploads\/2016\/03\/hadicky.pdf\"><img decoding=\"async\" src=\"\/wp-content\/themes\/bootstrap-basic\/img\/ico_detail.png\" alt=\"detail\" \/><\/a><\/td>\n<\/tr>\n<tr>\n<td><a href=\"https:\/\/pos.cz\/wp-content\/uploads\/2016\/03\/sroubeni_hadicky_hadicove_prislusenstvi.jpg\"><img loading=\"lazy\" decoding=\"async\" class=\"alignnone size-full wp-image-1096\" src=\"https:\/\/pos.cz\/wp-content\/uploads\/2016\/03\/sroubeni_hadicky_hadicove_prislusenstvi.jpg\" alt=\"sroubeni_hadicky_hadicove_prislusenstvi\" width=\"235\" height=\"154\" \/><\/a><\/td>\n<td>\n<h3><a href=\"\/wp-content\/uploads\/2016\/03\/prisl_hadicky.pdf\">Hadicov\u00e9 p\u0159\u00edslu\u0161enstv\u00ed <\/a><\/h3>\n<\/td>\n<td><a class=\"ico_detail\" href=\"\/wp-content\/uploads\/2016\/03\/prisl_hadicky.pdf\"><img decoding=\"async\" src=\"\/wp-content\/themes\/bootstrap-basic\/img\/ico_detail.png\" alt=\"detail\" \/><\/a><\/td>\n<\/tr>\n<tr>\n<td><a target=\"_blank\" href=\"\/wp-content\/uploads\/2020\/04\/\u0160rouben\u00ed.pdf\" rel=\"noopener noreferrer\"><img loading=\"lazy\" decoding=\"async\" class=\"alignnone size-full wp-image-1096\" src=\"https:\/\/pos.cz\/wp-content\/uploads\/2020\/04\/\u0161rouben\u00ed.png\" alt=\"sroubeni_hadicky_hadicove_prislusenstvi\" width=\"235\" height=\"154\" \/><\/a><\/td>\n<td>\n<h3><a target=\"_blank\" href=\"\/wp-content\/uploads\/2020\/04\/\u0160rouben\u00ed.pdf\" rel=\"noopener noreferrer\">\u0160rouben\u00ed<\/a><\/h3>\n<\/td>\n<td><a target=\"_blank\" class=\"ico_detail\" href=\"\/wp-content\/uploads\/2020\/04\/\u0160rouben\u00ed.pdf\" rel=\"noopener noreferrer\"><img decoding=\"async\" src=\"\/wp-content\/themes\/bootstrap-basic\/img\/ico_detail.png\" alt=\"detail\" \/><\/a><\/td>\n<\/tr>\n<\/tbody>\n<\/table>\n<\/div>\n<hr \/>\n<p><strong>Kontakty:<\/strong><\/p>\n<p>Tel.: +420 461 751 535 \u2013 Gabriela J\u00edlkov\u00e1<\/p>\n<p>Tel.: +420 461 751 574 \u2013 Jan Ka\u0161a<\/p>\n<p>Tel.: +420 461 751 534 \u2013 Bohuslav J\u00edlek \u2013 SERVIS<\/p>\n<p>Fax: +420 461 751 575<\/p>\n<p>E-mail: <a href=\"mailto:pneus@pos.cz\">pneus@pos.cz<\/a><\/p>\n<p>&nbsp;<\/p>\n<p><strong>Obchodn\u00ed zastoupen\u00ed:<\/strong><\/p>\n<p>Martin Nov\u00e1k<br \/>\nBorovansk\u00e1 3388, 143 00 Praha \u2013 Mod\u0159any<br \/>\n<a href=\"http:\/\/www.noma.cz\">www.noma.cz<\/a><\/p>","protected":false},"excerpt":{"rendered":"<p>N\u00e1str\u010dn\u00e9 \u0161rouben\u00ed kovov\u00e9 \u0160rouben\u00ed s p\u0159evle\u010dnou matic\u00ed kovov\u00e9 N\u00e1str\u010dn\u00e9 \u0161rouben\u00ed plastov\u00e9 Redukce, p\u0159echodky Kulov\u00e9 kohouty Rychlospojky Hadi\u010dky, spir\u00e1lov\u00e9 hadi\u010dky Hadicov\u00e9 p\u0159\u00edslu\u0161enstv\u00ed \u0160rouben\u00ed Kontakty: Tel.: +420 461 751 535 \u2013 Gabriela J\u00edlkov\u00e1 Tel.: +420 461 751 574 \u2013 Jan Ka\u0161a Tel.: +420 461 751 534 \u2013 Bohuslav J\u00edlek \u2013 SERVIS Fax: +420 461 751 575 E-mail: &hellip;<\/p>\n","protected":false},"author":1,"featured_media":0,"parent":35,"menu_order":4,"comment_status":"open","ping_status":"open","template":"","meta":{"_acf_changed":false,"footnotes":""},"class_list":["post-49","page","type-page","status-publish","hentry"],"acf":[],"_links":{"self":[{"href":"https:\/\/pos.cz\/en\/wp-json\/wp\/v2\/pages\/49","targetHints":{"allow":["GET"]}}],"collection":[{"href":"https:\/\/pos.cz\/en\/wp-json\/wp\/v2\/pages"}],"about":[{"href":"https:\/\/pos.cz\/en\/wp-json\/wp\/v2\/types\/page"}],"author":[{"embeddable":true,"href":"https:\/\/pos.cz\/en\/wp-json\/wp\/v2\/users\/1"}],"replies":[{"embeddable":true,"href":"https:\/\/pos.cz\/en\/wp-json\/wp\/v2\/comments?post=49"}],"version-history":[{"count":50,"href":"https:\/\/pos.cz\/en\/wp-json\/wp\/v2\/pages\/49\/revisions"}],"predecessor-version":[{"id":4439,"href":"https:\/\/pos.cz\/en\/wp-json\/wp\/v2\/pages\/49\/revisions\/4439"}],"up":[{"embeddable":true,"href":"https:\/\/pos.cz\/en\/wp-json\/wp\/v2\/pages\/35"}],"wp:attachment":[{"href":"https:\/\/pos.cz\/en\/wp-json\/wp\/v2\/media?parent=49"}],"curies":[{"name":"wp","href":"https:\/\/api.w.org\/{rel}","templated":true}]}}