{"id":44,"date":"2016-03-09T21:56:44","date_gmt":"2016-03-09T20:56:44","guid":{"rendered":"https:\/\/pos.cz\/?page_id=44"},"modified":"2024-08-23T12:56:39","modified_gmt":"2024-08-23T11:56:39","slug":"jednotky-upravy-vzduchu","status":"publish","type":"page","link":"https:\/\/pos.cz\/en\/produkty-a-sluzby\/pneumaticke-prvky-standardni-a-s-vysokym-zatizenim\/jednotky-upravy-vzduchu\/","title":{"rendered":"Air treatment units"},"content":{"rendered":"<p><\/p>\n<div class=\"items\">\n<table>\n<tbody>\n<!--\n\n<tr>\n\n\n<td><a href=\"https:\/\/pos.cz\/wp-content\/uploads\/2016\/03\/jednotky_upravy_vzduchu_cistice_vzduchu_df_cf_submikrofiltry_dfm.jpg\"><img loading=\"lazy\" decoding=\"async\" class=\"alignnone size-full wp-image-1065\" src=\"https:\/\/pos.cz\/wp-content\/uploads\/2016\/03\/jednotky_upravy_vzduchu_cistice_vzduchu_df_cf_submikrofiltry_dfm.jpg\" alt=\"jednotky_upravy_vzduchu_cistice_vzduchu_df_cf_submikrofiltry_dfm\" width=\"235\" height=\"154\" \/><\/a><\/td>\n\n\n\n\n<td>\n\n\n<h3><a href=\"\/\/pos.cz\/wp-content\/uploads\/2019\/03\/pneus-cistice-vzduchu-df-cf.pdf\">\u010cisti\u010de vzduchu DF, CF, submikrofiltry DFM<\/a><\/h3>\n\n\n<\/td>\n\n\n\n\n<td><a class=\"ico_detail\" href=\"\/\/pos.cz\/wp-content\/uploads\/2019\/03\/pneus-cistice-vzduchu-df-cf.pdf\"><img decoding=\"async\" src=\"\/wp-content\/themes\/bootstrap-basic\/img\/ico_detail.png\" alt=\"detail\" \/><\/a><\/td>\n\n\n<\/tr>\n\n\n\n\n<tr>\n\n\n<td><a href=\"https:\/\/pos.cz\/wp-content\/uploads\/2016\/03\/jednotky_upravy_vzduchu_regulatory_tlaku_drm_dr_cr-.jpg\"><img loading=\"lazy\" decoding=\"async\" class=\"alignnone size-full wp-image-1067\" src=\"https:\/\/pos.cz\/wp-content\/uploads\/2016\/03\/jednotky_upravy_vzduchu_regulatory_tlaku_drm_dr_cr-.jpg\" alt=\"jednotky_upravy_vzduchu_regulatory_tlaku_drm_dr_cr\" width=\"235\" height=\"154\" \/><\/a><\/td>\n\n\n\n\n<td>\n\n\n<h3><a href=\"\/\/pos.cz\/wp-content\/uploads\/2019\/03\/pneus-regulatory-vzduchu-dr-cr-mini.pdf\">Regul\u00e1tory tlaku DRM, DR, CR<\/a><\/h3>\n\n\n<\/td>\n\n\n\n\n<td><a class=\"ico_detail\" href=\"\/\/pos.cz\/wp-content\/uploads\/2019\/03\/pneus-regulatory-vzduchu-dr-cr-mini.pdf\"><img decoding=\"async\" src=\"\/wp-content\/themes\/bootstrap-basic\/img\/ico_detail.png\" alt=\"detail\" \/><\/a><\/td>\n\n\n<\/tr>\n\n\n\n\n<tr>\n\n\n<td><a href=\"https:\/\/pos.cz\/wp-content\/uploads\/2016\/03\/jednotky_upravy_vzduchu_maznice_vzduchu_dl_cl.jpg\"><img loading=\"lazy\" decoding=\"async\" class=\"alignnone size-full wp-image-1066\" src=\"https:\/\/pos.cz\/wp-content\/uploads\/2016\/03\/jednotky_upravy_vzduchu_maznice_vzduchu_dl_cl.jpg\" alt=\"jednotky_upravy_vzduchu_maznice_vzduchu_dl_cl\" width=\"235\" height=\"154\" \/><\/a><\/td>\n\n\n\n\n<td>\n\n\n<h3><a href=\"\/\/pos.cz\/wp-content\/uploads\/2019\/03\/pneus-maznice-vzduchu-dl-cl.pdf\">Maznice vzduchu DL, CL<\/a><\/h3>\n\n\n<\/td>\n\n\n\n\n<td><a class=\"ico_detail\" href=\"\/\/pos.cz\/wp-content\/uploads\/2019\/03\/pneus-maznice-vzduchu-dl-cl.pdf\"><img decoding=\"async\" src=\"\/wp-content\/themes\/bootstrap-basic\/img\/ico_detail.png\" alt=\"detail\" \/><\/a><\/td>\n\n\n<\/tr>\n\n\n\n\n<tr>\n\n\n<td><a href=\"https:\/\/pos.cz\/wp-content\/uploads\/2016\/03\/jednotky_upravy_vzduchu_upravna_jednotka_vzduchu_dk_ck.jpg\"><img loading=\"lazy\" decoding=\"async\" class=\"alignnone size-full wp-image-1070\" src=\"https:\/\/pos.cz\/wp-content\/uploads\/2016\/03\/jednotky_upravy_vzduchu_upravna_jednotka_vzduchu_dk_ck.jpg\" alt=\"jednotky_upravy_vzduchu_upravna_jednotka_vzduchu_dk_ck\" width=\"235\" height=\"154\" \/><\/a><\/td>\n\n\n\n\n<td>\n\n\n<h3><a href=\"\/\/pos.cz\/wp-content\/uploads\/2019\/03\/pneus-uprava-vzduchu-dk-ck.pdf\">\u00dapravn\u00e1 jednotka vzduchu DK, CK<\/a><\/h3>\n\n\n<\/td>\n\n\n\n\n<td><a class=\"ico_detail\" href=\"\/\/pos.cz\/wp-content\/uploads\/2019\/03\/pneus-uprava-vzduchu-dk-ck.pdf\"><img decoding=\"async\" src=\"\/wp-content\/themes\/bootstrap-basic\/img\/ico_detail.png\" alt=\"detail\" \/><\/a><\/td>\n\n\n<\/tr>\n\n\n\n\n<tr>\n\n\n<td><a href=\"https:\/\/pos.cz\/wp-content\/uploads\/2016\/03\/jednotky_upravy_vzduchu_upravna_jednotka_vzduchu_dkl_ckl.jpg\"><img loading=\"lazy\" decoding=\"async\" class=\"alignnone size-full wp-image-1071\" src=\"https:\/\/pos.cz\/wp-content\/uploads\/2016\/03\/jednotky_upravy_vzduchu_upravna_jednotka_vzduchu_dkl_ckl.jpg\" alt=\"jednotky_upravy_vzduchu_upravna_jednotka_vzduchu_dkl_ckl\" width=\"235\" height=\"154\" \/><\/a><\/td>\n\n\n\n\n<td>\n\n\n<h3><a href=\"\/\/pos.cz\/wp-content\/uploads\/2019\/03\/pneus-uprava-vzduchu-dkl-ckl.pdf\">\u00dapravn\u00e1 jednotka vzduchu DKL, CKL<\/a><\/h3>\n\n\n<\/td>\n\n\n\n\n<td><a class=\"ico_detail\" href=\"\/\/pos.cz\/wp-content\/uploads\/2019\/03\/pneus-uprava-vzduchu-dkl-ckl.pdf\"><img decoding=\"async\" src=\"\/wp-content\/themes\/bootstrap-basic\/img\/ico_detail.png\" alt=\"detail\" \/><\/a><\/td>\n\n\n<\/tr>\n\n\n\n\n<tr>\n\n\n<td><a href=\"https:\/\/pos.cz\/wp-content\/uploads\/2016\/03\/jednotky_upravy_vzduchu_upravna_jedntka_vzduchu_dfrl_cfrl.jpg\"><img loading=\"lazy\" decoding=\"async\" class=\"alignnone size-full wp-image-1072\" src=\"https:\/\/pos.cz\/wp-content\/uploads\/2016\/03\/jednotky_upravy_vzduchu_upravna_jedntka_vzduchu_dfrl_cfrl.jpg\" alt=\"jednotky_upravy_vzduchu_upravna_jedntka_vzduchu_dfrl_cfrl\" width=\"235\" height=\"154\" \/><\/a><\/td>\n\n\n\n\n<td>\n\n\n<h3><a href=\"\/\/pos.cz\/wp-content\/uploads\/2019\/03\/pneus-uprava-vzduchu-dfrl-cfrl.pdf\">\u00dapravn\u00e1 jednotka vzduchu DFRL, CFRL<\/a><\/h3>\n\n\n<\/td>\n\n\n\n\n<td><a class=\"ico_detail\" href=\"\/\/pos.cz\/wp-content\/uploads\/2019\/03\/pneus-uprava-vzduchu-dfrl-cfrl.pdf\"><img decoding=\"async\" src=\"\/wp-content\/themes\/bootstrap-basic\/img\/ico_detail.png\" alt=\"detail\" \/><\/a><\/td>\n\n\n<\/tr>\n\n\n\n\n<tr>\n\n\n<td><a href=\"https:\/\/pos.cz\/wp-content\/uploads\/2016\/03\/jednotky_upravy_vzduchu_start_ventil_dvp_a_stop_ventil_dv.jpg\"><img loading=\"lazy\" decoding=\"async\" class=\"alignnone size-full wp-image-1068\" src=\"https:\/\/pos.cz\/wp-content\/uploads\/2016\/03\/jednotky_upravy_vzduchu_start_ventil_dvp_a_stop_ventil_dv.jpg\" alt=\"jednotky_upravy_vzduchu_start_ventil_dvp_a_stop_ventil_dv\" width=\"235\" height=\"154\" \/><\/a><\/td>\n\n\n\n\n<td>\n\n\n<h3><a href=\"\/\/pos.cz\/wp-content\/uploads\/2019\/03\/pneus-start-stop-ventil.pdf\">Start ventil DVP a stop ventil DV, CU<\/a><\/h3>\n\n\n<\/td>\n\n\n\n\n<td><a class=\"ico_detail\" href=\"\/\/pos.cz\/wp-content\/uploads\/2019\/03\/pneus-start-stop-ventil.pdf\"><img decoding=\"async\" src=\"\/wp-content\/themes\/bootstrap-basic\/img\/ico_detail.png\" alt=\"detail\" \/><\/a><\/td>\n\n\n<\/tr>\n\n\n\n\n<tr>\n\n\n<td><a href=\"https:\/\/pos.cz\/wp-content\/uploads\/2016\/03\/jednotky_upravy_vzduchu_uzaviraci_ventil_dvu.jpg\"><img loading=\"lazy\" decoding=\"async\" class=\"alignnone size-full wp-image-1073\" src=\"https:\/\/pos.cz\/wp-content\/uploads\/2016\/03\/jednotky_upravy_vzduchu_uzaviraci_ventil_dvu.jpg\" alt=\"jednotky_upravy_vzduchu_uzaviraci_ventil_dvu\" width=\"235\" height=\"154\" \/><\/a><\/td>\n\n\n\n\n<td>\n\n\n<h3><a href=\"\/\/pos.cz\/wp-content\/uploads\/2019\/03\/pneus-uzaviraci-ventil-dvu-cvu.pdf\">Uzav\u00edrac\u00ed ventil DVU, CVU<\/a><\/h3>\n\n\n<\/td>\n\n\n\n\n<td><a class=\"ico_detail\" href=\"\/\/pos.cz\/wp-content\/uploads\/2019\/03\/pneus-uzaviraci-ventil-dvu-cvu.pdf\"><img decoding=\"async\" src=\"\/wp-content\/themes\/bootstrap-basic\/img\/ico_detail.png\" alt=\"detail\" \/><\/a><\/td>\n\n\n<\/tr>\n\n\n\n\n<tr>\n\n\n<td><a href=\"https:\/\/pos.cz\/wp-content\/uploads\/2016\/03\/jednotky_upravy_vzduchu_upevnovaci_a_spojovaci_prislusenstvi_nahradni_dily_a_manometry.jpg\"><img loading=\"lazy\" decoding=\"async\" class=\"alignnone size-full wp-image-1069\" src=\"https:\/\/pos.cz\/wp-content\/uploads\/2016\/03\/jednotky_upravy_vzduchu_upevnovaci_a_spojovaci_prislusenstvi_nahradni_dily_a_manometry.jpg\" alt=\"jednotky_upravy_vzduchu_upevnovaci_a_spojovaci_prislusenstvi_nahradni_dily_a_manometry\" width=\"235\" height=\"154\" \/><\/a><\/td>\n\n\n\n\n<td>\n\n\n<h3><a href=\"\/\/pos.cz\/wp-content\/uploads\/2019\/03\/pneus-prislusenstvi.pdf\">Upev\u0148ovac\u00ed a spojovac\u00ed p\u0159\u00edslu\u0161enstv\u00ed, n\u00e1hradn\u00ed d\u00edly a manometry<\/a><\/h3>\n\n\n<\/td>\n\n\n\n\n<td><a class=\"ico_detail\" href=\"\/\/pos.cz\/wp-content\/uploads\/2019\/03\/pneus-prislusenstvi.pdf\"><img decoding=\"async\" src=\"\/wp-content\/themes\/bootstrap-basic\/img\/ico_detail.png\" alt=\"detail\" \/><\/a><\/td>\n\n\n<\/tr>\n\n\n\n\n<tr>\n\n\n<td><\/td>\n\n\n\n\n<td>\n\n\n<h3>Skupiny p\u0159\u00edstroj\u016f pro \u00fapravu tlakov\u00e9ho vzduchu v\u011bt\u0161\u00edch p\u0159ipojovac\u00edch z\u00e1vit\u016f G 1\"- G 2\"<\/h3>\n\n\n<\/td>\n\n\n\n\n<td><\/td>\n\n\n<\/tr>\n\n\n\n\n<tr>\n\n\n<td><\/td>\n\n\n\n\n<td>\n\n\n<h3><a href=\"\/wp-content\/uploads\/2016\/03\/specialpneu.pdf\">Ostatn\u00ed speci\u00e1ln\u00ed za\u0159\u00edzen\u00ed<\/a><\/h3>\n\n\n<\/td>\n\n\n\n\n<td><a class=\"ico_detail\" href=\"\/wp-content\/uploads\/2016\/03\/specialpneu.pdf\"><img decoding=\"async\" src=\"\/wp-content\/themes\/bootstrap-basic\/img\/ico_detail.png\" alt=\"detail\" \/><\/a><\/td>\n\n\n<\/tr>\n\n--><\/p>\n<tr>\n<td><a target=\"_blank\" href=\"\/wp-content\/uploads\/2020\/04\/uprava-vzduchu-\u0159ady-X.pdf\" rel=\"noopener noreferrer\"><img loading=\"lazy\" decoding=\"async\" class=\"alignnone size-full wp-image-1055\" src=\"\/wp-content\/uploads\/2020\/04\/uprava-vzduchu-\u0159ady-X.png\" alt=\"\" width=\"235\" height=\"154\" \/><\/a><\/td>\n<td>\n<h3><strong><a target=\"_blank\" href=\"\/wp-content\/uploads\/2020\/04\/uprava-vzduchu-\u0159ady-X.pdf\" rel=\"noopener noreferrer\">\u00faprava vzduchu \u0159ady X<\/a><\/strong><\/h3>\n<\/td>\n<td><a target=\"_blank\" class=\"ico_detail\" href=\"\/wp-content\/uploads\/2020\/04\/uprava-vzduchu-\u0159ady-X.pdf\" rel=\"noopener noreferrer\"><img decoding=\"async\" src=\"\/wp-content\/themes\/bootstrap-basic\/img\/ico_detail.png\" alt=\"detail\" \/><\/a><\/td>\n<\/tr>\n<tr>\n<td><a target=\"_blank\" href=\"\/wp-content\/uploads\/2020\/04\/uprava-vzduchu-\u0159ady-Y.pdf\" rel=\"noopener noreferrer\"><img loading=\"lazy\" decoding=\"async\" class=\"alignnone size-full wp-image-1055\" src=\"\/wp-content\/uploads\/2020\/04\/uprava-vzduchu-\u0159ady-Y.png\" alt=\"\" width=\"235\" height=\"154\" \/><\/a><\/td>\n<td>\n<h3><strong><a target=\"_blank\" href=\"\/wp-content\/uploads\/2020\/04\/uprava-vzduchu-\u0159ady-Y.pdf\" rel=\"noopener noreferrer\">\u00faprava vzduchu \u0159ady Y<\/a><\/strong><\/h3>\n<\/td>\n<td><a target=\"_blank\" class=\"ico_detail\" href=\"\/wp-content\/uploads\/2020\/04\/uprava-vzduchu-\u0159ady-Y.pdf\" rel=\"noopener noreferrer\"><img decoding=\"async\" src=\"\/wp-content\/themes\/bootstrap-basic\/img\/ico_detail.png\" alt=\"detail\" \/><\/a><\/td>\n<\/tr>\n<\/tbody>\n<\/table>\n<\/div>\n<hr \/>\n<p><strong>Kontakty:<\/strong><\/p>\n<p>Tel.: +420 461 751 535 \u2013 Gabriela J\u00edlkov\u00e1<\/p>\n<p>Tel.: +420 461 751 574 \u2013 Jan Ka\u0161a<\/p>\n<p>Tel.: +420 461 751 534 \u2013 Bohuslav J\u00edlek \u2013 SERVIS<\/p>\n<p>Fax: +420 461 751 575<\/p>\n<p>E-mail: <a href=\"mailto:pneus@pos.cz\">pneus@pos.cz<\/a><\/p>\n<p>&nbsp;<\/p>\n<p><strong>Obchodn\u00ed zastoupen\u00ed:<\/strong><\/p>\n<p>Martin Nov\u00e1k<br \/>\nBorovansk\u00e1 3388, 143 00 Praha \u2013 Mod\u0159any<br \/>\n<a href=\"http:\/\/www.noma.cz\">www.noma.cz<\/a><\/p>","protected":false},"excerpt":{"rendered":"<p>\u00faprava vzduchu \u0159ady X \u00faprava vzduchu \u0159ady Y Kontakty: Tel.: +420 461 751 535 \u2013 Gabriela J\u00edlkov\u00e1 Tel.: +420 461 751 574 \u2013 Jan Ka\u0161a Tel.: +420 461 751 534 \u2013 Bohuslav J\u00edlek \u2013 SERVIS Fax: +420 461 751 575 E-mail: pneus@pos.cz &nbsp; Obchodn\u00ed zastoupen\u00ed: Martin Nov\u00e1k Borovansk\u00e1 3388, 143 00 Praha \u2013 Mod\u0159any www.noma.cz<\/p>\n","protected":false},"author":1,"featured_media":0,"parent":35,"menu_order":2,"comment_status":"open","ping_status":"open","template":"","meta":{"_acf_changed":false,"footnotes":""},"class_list":["post-44","page","type-page","status-publish","hentry"],"acf":[],"_links":{"self":[{"href":"https:\/\/pos.cz\/en\/wp-json\/wp\/v2\/pages\/44","targetHints":{"allow":["GET"]}}],"collection":[{"href":"https:\/\/pos.cz\/en\/wp-json\/wp\/v2\/pages"}],"about":[{"href":"https:\/\/pos.cz\/en\/wp-json\/wp\/v2\/types\/page"}],"author":[{"embeddable":true,"href":"https:\/\/pos.cz\/en\/wp-json\/wp\/v2\/users\/1"}],"replies":[{"embeddable":true,"href":"https:\/\/pos.cz\/en\/wp-json\/wp\/v2\/comments?post=44"}],"version-history":[{"count":48,"href":"https:\/\/pos.cz\/en\/wp-json\/wp\/v2\/pages\/44\/revisions"}],"predecessor-version":[{"id":4438,"href":"https:\/\/pos.cz\/en\/wp-json\/wp\/v2\/pages\/44\/revisions\/4438"}],"up":[{"embeddable":true,"href":"https:\/\/pos.cz\/en\/wp-json\/wp\/v2\/pages\/35"}],"wp:attachment":[{"href":"https:\/\/pos.cz\/en\/wp-json\/wp\/v2\/media?parent=44"}],"curies":[{"name":"wp","href":"https:\/\/api.w.org\/{rel}","templated":true}]}}