{"id":4373,"date":"2024-01-10T14:01:47","date_gmt":"2024-01-10T13:01:47","guid":{"rendered":"https:\/\/pos.cz\/?page_id=4373"},"modified":"2024-01-10T14:01:47","modified_gmt":"2024-01-10T13:01:47","slug":"ochrana-oznamovatelu","status":"publish","type":"page","link":"https:\/\/pos.cz\/en\/ochrana-oznamovatelu\/","title":{"rendered":"(\u010ce\u0161tina) Ochrana oznamovatel\u016f"},"content":{"rendered":"<p class=\"qtranxs-available-languages-message qtranxs-available-languages-message-en\">Sorry, this entry is only available in <a href=\"https:\/\/pos.cz\/cs\/wp-json\/wp\/v2\/pages\/4373\" class=\"qtranxs-available-language-link qtranxs-available-language-link-cs\" title=\"\u010ce\u0161tina\">\u010ce\u0161tina<\/a>.<\/p>","protected":false},"excerpt":{"rendered":"<p>Sorry, this entry is only available in \u010ce\u0161tina.<\/p>\n","protected":false},"author":654335,"featured_media":0,"parent":0,"menu_order":0,"comment_status":"closed","ping_status":"closed","template":"","meta":{"_acf_changed":false,"footnotes":""},"class_list":["post-4373","page","type-page","status-publish","hentry"],"acf":[],"_links":{"self":[{"href":"https:\/\/pos.cz\/en\/wp-json\/wp\/v2\/pages\/4373","targetHints":{"allow":["GET"]}}],"collection":[{"href":"https:\/\/pos.cz\/en\/wp-json\/wp\/v2\/pages"}],"about":[{"href":"https:\/\/pos.cz\/en\/wp-json\/wp\/v2\/types\/page"}],"author":[{"embeddable":true,"href":"https:\/\/pos.cz\/en\/wp-json\/wp\/v2\/users\/654335"}],"replies":[{"embeddable":true,"href":"https:\/\/pos.cz\/en\/wp-json\/wp\/v2\/comments?post=4373"}],"version-history":[{"count":1,"href":"https:\/\/pos.cz\/en\/wp-json\/wp\/v2\/pages\/4373\/revisions"}],"predecessor-version":[{"id":4374,"href":"https:\/\/pos.cz\/en\/wp-json\/wp\/v2\/pages\/4373\/revisions\/4374"}],"wp:attachment":[{"href":"https:\/\/pos.cz\/en\/wp-json\/wp\/v2\/media?parent=4373"}],"curies":[{"name":"wp","href":"https:\/\/api.w.org\/{rel}","templated":true}]}}