{"id":4101,"date":"2021-09-15T11:52:54","date_gmt":"2021-09-15T10:52:54","guid":{"rendered":"https:\/\/pos.cz\/?page_id=4101"},"modified":"2026-02-16T14:26:41","modified_gmt":"2026-02-16T13:26:41","slug":"volna-pracovni-mista","status":"publish","type":"page","link":"https:\/\/pos.cz\/en\/kariera\/volna-pracovni-mista\/","title":{"rendered":"(\u010ce\u0161tina) Voln\u00e1 pracovn\u00ed m\u00edsta"},"content":{"rendered":"<p class=\"qtranxs-available-languages-message qtranxs-available-languages-message-en\">Sorry, this entry is only available in <a href=\"https:\/\/pos.cz\/cs\/wp-json\/wp\/v2\/pages\/4101\" class=\"qtranxs-available-language-link qtranxs-available-language-link-cs\" title=\"\u010ce\u0161tina\">\u010ce\u0161tina<\/a>.<\/p>","protected":false},"excerpt":{"rendered":"<p>Sorry, this entry is only available in \u010ce\u0161tina.<\/p>\n","protected":false},"author":654335,"featured_media":0,"parent":1470,"menu_order":0,"comment_status":"closed","ping_status":"closed","template":"","meta":{"_acf_changed":false,"footnotes":""},"class_list":["post-4101","page","type-page","status-publish","hentry"],"acf":[],"_links":{"self":[{"href":"https:\/\/pos.cz\/en\/wp-json\/wp\/v2\/pages\/4101","targetHints":{"allow":["GET"]}}],"collection":[{"href":"https:\/\/pos.cz\/en\/wp-json\/wp\/v2\/pages"}],"about":[{"href":"https:\/\/pos.cz\/en\/wp-json\/wp\/v2\/types\/page"}],"author":[{"embeddable":true,"href":"https:\/\/pos.cz\/en\/wp-json\/wp\/v2\/users\/654335"}],"replies":[{"embeddable":true,"href":"https:\/\/pos.cz\/en\/wp-json\/wp\/v2\/comments?post=4101"}],"version-history":[{"count":57,"href":"https:\/\/pos.cz\/en\/wp-json\/wp\/v2\/pages\/4101\/revisions"}],"predecessor-version":[{"id":4534,"href":"https:\/\/pos.cz\/en\/wp-json\/wp\/v2\/pages\/4101\/revisions\/4534"}],"up":[{"embeddable":true,"href":"https:\/\/pos.cz\/en\/wp-json\/wp\/v2\/pages\/1470"}],"wp:attachment":[{"href":"https:\/\/pos.cz\/en\/wp-json\/wp\/v2\/media?parent=4101"}],"curies":[{"name":"wp","href":"https:\/\/api.w.org\/{rel}","templated":true}]}}