{"id":3721,"date":"2020-04-22T16:04:01","date_gmt":"2020-04-22T15:04:01","guid":{"rendered":"https:\/\/pos.cz\/?page_id=3721"},"modified":"2020-04-28T13:09:46","modified_gmt":"2020-04-28T12:09:46","slug":"pneumaticke-prvky-pro-velke-zatizeni","status":"publish","type":"page","link":"https:\/\/pos.cz\/en\/produkty-a-sluzby\/pneumaticke-prvky-pro-velke-zatizeni\/","title":{"rendered":"Pneumatick\u00e9 prvky pro velk\u00e9 zat\u00ed\u017een\u00ed"},"content":{"rendered":"<div class=\"items\">\n<table>\n<tbody>\n<tr>\n<td><a href=\"\/wp-content\/uploads\/2020\/04\/Katalog-POS.pdf\" target=\"_blank\" rel=\"noopener noreferrer\"><img loading=\"lazy\" decoding=\"async\" class=\"alignnone size-full wp-image-1055\" src=\"\/wp-content\/uploads\/2020\/04\/pneu_prvky_jednotky.png\" alt=\"\" width=\"235\" height=\"154\" \/><\/a><\/td>\n<td>\n<h3><strong><a href=\"\/wp-content\/uploads\/2020\/04\/Katalog-POS.pdf\" target=\"_blank\" rel=\"noopener noreferrer\">Pneumatick\u00e9 prvky pro velk\u00e9 zat\u00ed\u017een\u00ed &#8211; katalog<\/a><\/strong><\/h3>\n<\/td>\n<td><a class=\"ico_detail\" href=\"\/wp-content\/uploads\/2020\/04\/Katalog-POS.pdf\" target=\"_blank\" rel=\"noopener noreferrer\"><img decoding=\"async\" src=\"\/wp-content\/themes\/bootstrap-basic\/img\/ico_detail.png\" alt=\"detail\" \/><\/a><\/td>\n<\/tr>\n<\/tbody>\n<\/table>\n<\/div>\n","protected":false},"excerpt":{"rendered":"<p>Pneumatick\u00e9 prvky pro velk\u00e9 zat\u00ed\u017een\u00ed &#8211; katalog<\/p>\n","protected":false},"author":1,"featured_media":0,"parent":19,"menu_order":0,"comment_status":"closed","ping_status":"closed","template":"","meta":{"_acf_changed":false,"footnotes":""},"class_list":["post-3721","page","type-page","status-publish","hentry"],"acf":[],"_links":{"self":[{"href":"https:\/\/pos.cz\/en\/wp-json\/wp\/v2\/pages\/3721","targetHints":{"allow":["GET"]}}],"collection":[{"href":"https:\/\/pos.cz\/en\/wp-json\/wp\/v2\/pages"}],"about":[{"href":"https:\/\/pos.cz\/en\/wp-json\/wp\/v2\/types\/page"}],"author":[{"embeddable":true,"href":"https:\/\/pos.cz\/en\/wp-json\/wp\/v2\/users\/1"}],"replies":[{"embeddable":true,"href":"https:\/\/pos.cz\/en\/wp-json\/wp\/v2\/comments?post=3721"}],"version-history":[{"count":7,"href":"https:\/\/pos.cz\/en\/wp-json\/wp\/v2\/pages\/3721\/revisions"}],"predecessor-version":[{"id":3821,"href":"https:\/\/pos.cz\/en\/wp-json\/wp\/v2\/pages\/3721\/revisions\/3821"}],"up":[{"embeddable":true,"href":"https:\/\/pos.cz\/en\/wp-json\/wp\/v2\/pages\/19"}],"wp:attachment":[{"href":"https:\/\/pos.cz\/en\/wp-json\/wp\/v2\/media?parent=3721"}],"curies":[{"name":"wp","href":"https:\/\/api.w.org\/{rel}","templated":true}]}}