{"id":35,"date":"2016-03-09T21:51:05","date_gmt":"2016-03-09T20:51:05","guid":{"rendered":"https:\/\/pos.cz\/?page_id=35"},"modified":"2025-01-21T12:56:10","modified_gmt":"2025-01-21T11:56:10","slug":"pneumaticke-prvky-standardni-a-s-vysokym-zatizenim","status":"publish","type":"page","link":"https:\/\/pos.cz\/en\/produkty-a-sluzby\/pneumaticke-prvky-standardni-a-s-vysokym-zatizenim\/","title":{"rendered":"Standard Pneumatic Elements"},"content":{"rendered":"<p>Standard pneumatic elements using pressure air for their operation. They are used in almost all industrial segments, in particular in automation and robotization of manufacturing processes, in engineering, wood processing and food industry, transport, mining, agriculture, etc.<\/p>\n<p>They are developed by the design department using the latest knowledge combined with many years of experience with the manufacture of pneumatic elements.<\/p>\n<p>&nbsp;<\/p>\n<div class=\"categories\">\n<div class=\"col-md-6\">\n<div class=\"row\">\n<div class=\"item\">\n<table>\n<tbody>\n<tr>\n<td><a href=\"https:\/\/pos.cz\/wp-content\/uploads\/2020\/04\/cylinders.png\"><img loading=\"lazy\" decoding=\"async\" class=\"alignnone wp-image-3569\" src=\"https:\/\/pos.cz\/wp-content\/uploads\/2020\/04\/cylinders-300x280.png\" alt=\"Pneumatick\u00e9 v\u00e1lce a pohony\" width=\"230\" height=\"215\" srcset=\"https:\/\/pos.cz\/wp-content\/uploads\/2020\/04\/cylinders-300x280.png 300w, https:\/\/pos.cz\/wp-content\/uploads\/2020\/04\/cylinders-768x718.png 768w, https:\/\/pos.cz\/wp-content\/uploads\/2020\/04\/cylinders.png 824w\" sizes=\"auto, (max-width: 230px) 100vw, 230px\" \/><\/a><\/td>\n<td>\n<h3><a href=\"\/produkty-a-sluzby\/pneumaticke-prvky-standardni\/pneumaticke-valce-a-pohony\/\">Pneumatic cy<\/a><a href=\"\/produkty-a-sluzby\/pneumaticke-prvky-standardni\/pneumaticke-valce-a-pohony\/\">linders and actuators<\/a><\/h3>\n<\/td>\n<\/tr>\n<\/tbody>\n<\/table>\n<\/div>\n<\/div>\n<\/div>\n<div class=\"col-md-6\">\n<div class=\"row\">\n<div class=\"item\">\n<table>\n<tbody>\n<tr>\n<td><a href=\"https:\/\/pos.cz\/wp-content\/uploads\/2020\/04\/metal_filtration.png\"><img loading=\"lazy\" decoding=\"async\" class=\"alignnone wp-image-3572\" src=\"https:\/\/pos.cz\/wp-content\/uploads\/2020\/04\/metal_filtration-300x231.png\" alt=\"Jednotky \u00fapravy vzduchu\" width=\"236\" height=\"182\" srcset=\"https:\/\/pos.cz\/wp-content\/uploads\/2020\/04\/metal_filtration-300x231.png 300w, https:\/\/pos.cz\/wp-content\/uploads\/2020\/04\/metal_filtration-768x591.png 768w, https:\/\/pos.cz\/wp-content\/uploads\/2020\/04\/metal_filtration.png 1024w\" sizes=\"auto, (max-width: 236px) 100vw, 236px\" \/><\/a><\/td>\n<td>\n<h3><a href=\"\/produkty-a-sluzby\/pneumaticke-prvky-standardni\/jednotky-upravy-vzduchu\/\">Air treatment<\/a><\/h3>\n<\/td>\n<\/tr>\n<\/tbody>\n<\/table>\n<\/div>\n<\/div>\n<\/div>\n<div class=\"col-md-6\">\n<div class=\"row\">\n<div class=\"item\">\n<table>\n<tbody>\n<tr>\n<td><a href=\"https:\/\/pos.cz\/wp-content\/uploads\/2020\/04\/valves.png\"><img loading=\"lazy\" decoding=\"async\" class=\"alignnone wp-image-3574\" src=\"https:\/\/pos.cz\/wp-content\/uploads\/2020\/04\/valves-300x207.png\" alt=\"Ventily\" width=\"233\" height=\"162\" srcset=\"https:\/\/pos.cz\/wp-content\/uploads\/2020\/04\/valves-300x207.png 300w, https:\/\/pos.cz\/wp-content\/uploads\/2020\/04\/valves-768x530.png 768w, https:\/\/pos.cz\/wp-content\/uploads\/2020\/04\/valves.png 1024w\" sizes=\"auto, (max-width: 233px) 100vw, 233px\" \/><\/a><\/td>\n<td>\n<h3><a href=\"\/produkty-a-sluzby\/pneumaticke-prvky-standardni\/ovladaci-ventily-a-rozvadece\/\">Valves and electrovalves<\/a><\/h3>\n<\/td>\n<\/tr>\n<\/tbody>\n<\/table>\n<\/div>\n<\/div>\n<\/div>\n<div class=\"col-md-6\">\n<div class=\"row\">\n<div class=\"item\">\n<table>\n<tbody>\n<tr>\n<td><a href=\"\/produkty-a-sluzby\/pneumaticke-prvky-standardni\/sroubeni-hadicky-a-prislusenstvi\/\"><img decoding=\"async\" class=\"img-responsive\" style=\"width: 234px; height: 154px;\" src=\"\/wp-content\/uploads\/2016\/03\/pneu_prvky_sroubeni.png\" alt=\"\u0160rouben\u00ed, hadi\u010dky a p\u0159\u00edslu\u0161enstv\u00ed\" \/><\/a><\/td>\n<td>\n<h3><a href=\"\/produkty-a-sluzby\/pneumaticke-prvky-standardni\/sroubeni-hadicky-a-prislusenstvi\/\">Fittings and accessories<\/a><\/h3>\n<\/td>\n<\/tr>\n<\/tbody>\n<\/table>\n<\/div>\n<\/div>\n<\/div>\n<div class=\"col-md-6\">\n<div class=\"row\">\n<div class=\"item\">\n<table>\n<tbody>\n<tr>\n<td><a href=\"pneumaticke-prvky-pro-velke-zatizeni\"><img loading=\"lazy\" decoding=\"async\" class=\"alignnone wp-image-3491\" src=\"\/wp-content\/uploads\/2020\/04\/pneu_prvky_valce.png\" alt=\"\" width=\"214\" height=\"174\" \/><\/a><\/td>\n<td>\n<h3><a href=\"pneumaticke-prvky-pro-velke-zatizeni\">Heavy duty cylinders and actuators<\/a><\/h3>\n<\/td>\n<\/tr>\n<\/tbody>\n<\/table>\n<p>&nbsp;<\/p>\n<\/div>\n<\/div>\n<\/div>\n<p><!--\n\n\n<div class=\"col-md-6\">\n\n\n<div class=\"row\">\n\n\n<div class=\"item\">\n\n\n<table>\n\n\n<tbody>\n\n\n<tr>\n\n\n<td><a href=\"https:\/\/pos.cz\/wp-content\/uploads\/2020\/01\/logo_pos.png\"><img loading=\"lazy\" decoding=\"async\" class=\"alignnone wp-image-3491\" src=\"https:\/\/pos.cz\/wp-content\/uploads\/2020\/01\/logo_pos.png\" alt=\"\" width=\"214\" height=\"174\" \/><\/a><\/td>\n\n\n\n\n<td>\n\n\n<h3><a href=\"https:\/\/pos.cz\/produkty-a-sluzby\/pneumaticke-prvky-standardni\/novy-katalog\/\">Nov\u00fd katalog<\/a><\/h3>\n\n\n<\/td>\n\n\n<\/tr>\n\n\n<\/tbody>\n\n\n<\/table>\n\n\n&nbsp;\n\n<\/div>\n\n\n<\/div>\n\n\n<\/div>\n\n\n--><\/p>\n<\/div>\n<hr \/>\n<p><strong>Contact:<\/strong><\/p>\n<p>Tel.: +420 461 751 535 \u2013 Gabriela J\u00edlkov\u00e1<\/p>\n<p>Tel.: +420 461 751 574 \u2013 Jan Ka\u0161a<\/p>\n<p>Tel.: +420 461 751 534 \u2013 Bohuslav J\u00edlek \u2013 SERVIS<\/p>\n<p>Fax: +420 461 751\u00a0575<\/p>\n<p>E-mail:\u00a0<a href=\"mailto:pneus@pos.cz\">pneus@pos.cz<\/a><\/p>\n<p>&nbsp;<\/p>","protected":false},"excerpt":{"rendered":"<p>Standard pneumatic elements using pressure air for their operation. They are used in almost all industrial segments, in particular in automation and robotization of manufacturing processes, in engineering, wood processing and food industry, transport, mining, agriculture, etc. They are developed by the design department using the latest knowledge combined with many years of experience with &hellip;<\/p>\n","protected":false},"author":1,"featured_media":0,"parent":19,"menu_order":2,"comment_status":"open","ping_status":"open","template":"","meta":{"_acf_changed":false,"footnotes":""},"class_list":["post-35","page","type-page","status-publish","hentry"],"acf":[],"_links":{"self":[{"href":"https:\/\/pos.cz\/en\/wp-json\/wp\/v2\/pages\/35","targetHints":{"allow":["GET"]}}],"collection":[{"href":"https:\/\/pos.cz\/en\/wp-json\/wp\/v2\/pages"}],"about":[{"href":"https:\/\/pos.cz\/en\/wp-json\/wp\/v2\/types\/page"}],"author":[{"embeddable":true,"href":"https:\/\/pos.cz\/en\/wp-json\/wp\/v2\/users\/1"}],"replies":[{"embeddable":true,"href":"https:\/\/pos.cz\/en\/wp-json\/wp\/v2\/comments?post=35"}],"version-history":[{"count":60,"href":"https:\/\/pos.cz\/en\/wp-json\/wp\/v2\/pages\/35\/revisions"}],"predecessor-version":[{"id":4464,"href":"https:\/\/pos.cz\/en\/wp-json\/wp\/v2\/pages\/35\/revisions\/4464"}],"up":[{"embeddable":true,"href":"https:\/\/pos.cz\/en\/wp-json\/wp\/v2\/pages\/19"}],"wp:attachment":[{"href":"https:\/\/pos.cz\/en\/wp-json\/wp\/v2\/media?parent=35"}],"curies":[{"name":"wp","href":"https:\/\/api.w.org\/{rel}","templated":true}]}}