{"id":32,"date":"2016-03-09T21:47:48","date_gmt":"2016-03-09T20:47:48","guid":{"rendered":"https:\/\/pos.cz\/?page_id=32"},"modified":"2025-01-21T12:51:46","modified_gmt":"2025-01-21T11:51:46","slug":"dverni-systemy-autobusu","status":"publish","type":"page","link":"https:\/\/pos.cz\/en\/produkty-a-sluzby\/dverni-systemy-autobusu\/","title":{"rendered":"Bus Door Systems"},"content":{"rendered":"<p><strong>Poli\u010dsk\u00e9 stroj\u00edrny a.s. manufactures and delivers pneumatic systems under the MPS brand \u2013 components and systems for the pneumatic control of doors of buses and other public transport vehicles.<\/strong><\/p>\n<p>We focus mainly on the delivery of control blocks, pneumatic door controls, emergency door opening valves, door locks and complete kinematic accessories for renowned manufacturers such as:Libchavy s.r.o., FAIVELEY TRANSPORT CZECH\u00a0a.s. Plze\u0148, IVECO FRANCE Francie, OY TAMWARE AB Finsko, TROLIGA BUS Nov\u00fd Ji\u010d\u00edn\/Levo\u010da, etc. By continuously innovating our products and introducing additional products and equipment for vehicle door systems, we stay on top of key trends in the industry.<\/p>\n<p>&nbsp;<\/p>\n<hr \/>\n<h4>We present you with an overview of door systems, supplemented by a new way of placing the control in the upper part, which has thus completed a number of pneumatic door systems.<\/h4>\n<p>&nbsp;<\/p>\n<p><a href=\"https:\/\/pos.cz\/wp-content\/uploads\/2020\/04\/Door-systems-overview-2.jpg\"><img loading=\"lazy\" decoding=\"async\" class=\"alignnone size-medium wp-image-3844\" src=\"https:\/\/pos.cz\/wp-content\/uploads\/2020\/04\/Door-systems-overview-2-300x177.jpg\" alt=\"\" width=\"300\" height=\"177\" srcset=\"https:\/\/pos.cz\/wp-content\/uploads\/2020\/04\/Door-systems-overview-2-300x177.jpg 300w, https:\/\/pos.cz\/wp-content\/uploads\/2020\/04\/Door-systems-overview-2-1024x604.jpg 1024w, https:\/\/pos.cz\/wp-content\/uploads\/2020\/04\/Door-systems-overview-2-768x453.jpg 768w, https:\/\/pos.cz\/wp-content\/uploads\/2020\/04\/Door-systems-overview-2-1536x906.jpg 1536w, https:\/\/pos.cz\/wp-content\/uploads\/2020\/04\/Door-systems-overview-2.jpg 1555w\" sizes=\"auto, (max-width: 300px) 100vw, 300px\" \/><\/a><\/p>\n<hr \/>\n<ul>\n<li>\n<h4><span style=\"color: red;\">To see requested catalogues please refer to any contacts mentioned below<\/span><\/h4>\n<\/li>\n<\/ul>\n<hr \/>\n<div class=\"items\">\n<table>\n<tbody>\n<tr>\n<td><img loading=\"lazy\" decoding=\"async\" class=\"img-responsive alignnone\" style=\"width: 235px; height: 154px;\" src=\"\/wp-content\/uploads\/2016\/03\/dverni_systemy_pneumaticke_valce-rotacni_se_zdvihem_od.jpg\" alt=\"Pneumatick\u00e9 v\u00e1lce OD a p\u0159\u00edslu\u0161enstv\u00ed\" width=\"2560\" height=\"1691\" \/><\/td>\n<td>\n<h3>Pneumatic rotary cylinders with lift (OD) and accessories<\/h3>\n<p>&nbsp;<\/td>\n<td><\/td>\n<\/tr>\n<tr>\n<td><img loading=\"lazy\" decoding=\"async\" class=\"img-responsive alignnone\" style=\"width: 235px; height: 154px;\" src=\"\/wp-content\/uploads\/2016\/03\/dverni_systemy_pneumaticke_valce-rotacni_ok-1.jpg\" alt=\"Pneumatick\u00e9 v\u00e1lce OK a p\u0159\u00edslu\u0161enstv\u00ed\" width=\"2560\" height=\"1691\" \/><\/td>\n<td>\n<h3>Pneumatic rotary cylinders (OK) and accessories<\/h3>\n<p>&nbsp;<\/td>\n<td><\/td>\n<\/tr>\n<tr>\n<td><img loading=\"lazy\" decoding=\"async\" class=\"img-responsive alignnone\" style=\"width: 235px; height: 154px;\" src=\"\/wp-content\/uploads\/2016\/03\/dverni_systemy_pneumaticke_ventilove_bloky.jpg\" alt=\"Pneumatick\u00e9 ventilov\u00e9 bloky\" width=\"235\" height=\"154\" \/><\/td>\n<td>\n<h3>Pneumatic control block<\/h3>\n<p>&nbsp;<\/td>\n<td><\/td>\n<\/tr>\n<tr>\n<td><img loading=\"lazy\" decoding=\"async\" class=\"img-responsive alignnone\" style=\"width: 235px; height: 154px;\" src=\"\/wp-content\/uploads\/2016\/03\/dverni_systemy_pneumaticke_nouzove_ventily.jpg\" alt=\"Pneumatick\u00e9 nouzov\u00e9 ventily\" width=\"235\" height=\"154\" \/><\/td>\n<td>\n<h3>Pneumatic emerency valves<\/h3>\n<p>&nbsp;<\/td>\n<td><\/td>\n<\/tr>\n<tr>\n<td><img loading=\"lazy\" decoding=\"async\" class=\"img-responsive alignnone\" style=\"width: 235px; height: 154px;\" src=\"\/wp-content\/uploads\/2016\/03\/dverni_systemy_zajisteni_kridel_dveri.jpg\" alt=\"Zaji\u0161t\u011bn\u00ed k\u0159\u00eddel a dve\u0159\u00ed\" width=\"235\" height=\"154\" \/><\/td>\n<td>\n<h3>Door lock<\/h3>\n<p>&nbsp;<\/td>\n<td><\/td>\n<\/tr>\n<tr>\n<td><img loading=\"lazy\" decoding=\"async\" class=\"img-responsive alignnone\" style=\"width: 235px; height: 154px;\" src=\"\/wp-content\/uploads\/2016\/03\/dverni_systemy_kinematika_prislusenstvi.jpg\" alt=\"Kinematika p\u0159islu\u0161enstv\u00ed\" width=\"235\" height=\"154\" \/><\/td>\n<td>\n<h3>Kinematic accessories<\/h3>\n<p>&nbsp;<\/td>\n<td><\/td>\n<\/tr>\n<\/tbody>\n<\/table>\n<hr \/>\n<ul>\n<li>\n<h4><span style=\"color: red;\">To see requested catalogues please refer to any contacts mentioned below<\/span><\/h4>\n<\/li>\n<\/ul>\n<\/div>\n<hr \/>\n<p><strong>Contacts:<\/strong><\/p>\n<p>Tel.: +420 461 751 537 \u2013 Ing.\u00a0Miroslav Votava<\/p>\n<p>Tel.: +420 461 751 534 &#8211; Bohuslav J\u00edlek &#8211; SERVIS<\/p>\n<p>Fax: +420 461 751\u00a0575<\/p>\n<p>E-mail:\u00a0<a href=\"mailto:mps@pos.cz\">mps@pos.cz<\/a><\/p>\n<p>&nbsp;<\/p>","protected":false},"excerpt":{"rendered":"<p>Poli\u010dsk\u00e9 stroj\u00edrny a.s. manufactures and delivers pneumatic systems under the MPS brand \u2013 components and systems for the pneumatic control of doors of buses and other public transport vehicles. We focus mainly on the delivery of control blocks, pneumatic door controls, emergency door opening valves, door locks and complete kinematic accessories for renowned manufacturers such &hellip;<\/p>\n","protected":false},"author":1,"featured_media":0,"parent":19,"menu_order":1,"comment_status":"open","ping_status":"open","template":"","meta":{"_acf_changed":false,"footnotes":""},"class_list":["post-32","page","type-page","status-publish","hentry"],"acf":[],"_links":{"self":[{"href":"https:\/\/pos.cz\/en\/wp-json\/wp\/v2\/pages\/32","targetHints":{"allow":["GET"]}}],"collection":[{"href":"https:\/\/pos.cz\/en\/wp-json\/wp\/v2\/pages"}],"about":[{"href":"https:\/\/pos.cz\/en\/wp-json\/wp\/v2\/types\/page"}],"author":[{"embeddable":true,"href":"https:\/\/pos.cz\/en\/wp-json\/wp\/v2\/users\/1"}],"replies":[{"embeddable":true,"href":"https:\/\/pos.cz\/en\/wp-json\/wp\/v2\/comments?post=32"}],"version-history":[{"count":65,"href":"https:\/\/pos.cz\/en\/wp-json\/wp\/v2\/pages\/32\/revisions"}],"predecessor-version":[{"id":4463,"href":"https:\/\/pos.cz\/en\/wp-json\/wp\/v2\/pages\/32\/revisions\/4463"}],"up":[{"embeddable":true,"href":"https:\/\/pos.cz\/en\/wp-json\/wp\/v2\/pages\/19"}],"wp:attachment":[{"href":"https:\/\/pos.cz\/en\/wp-json\/wp\/v2\/media?parent=32"}],"curies":[{"name":"wp","href":"https:\/\/api.w.org\/{rel}","templated":true}]}}