{"id":2514,"date":"2018-03-02T09:23:03","date_gmt":"2018-03-02T08:23:03","guid":{"rendered":"https:\/\/pos.cz\/?page_id=2514"},"modified":"2018-03-02T11:34:53","modified_gmt":"2018-03-02T10:34:53","slug":"doplnkovy-sortiment","status":"publish","type":"page","link":"https:\/\/pos.cz\/en\/produkty-a-sluzby\/merici-a-cerpaci-technika\/doplnkovy-sortiment\/","title":{"rendered":"(\u010ce\u0161tina) Dopl\u0148kov\u00fd sortiment"},"content":{"rendered":"<p class=\"qtranxs-available-languages-message qtranxs-available-languages-message-en\">Sorry, this entry is only available in <a href=\"https:\/\/pos.cz\/cs\/wp-json\/wp\/v2\/pages\/2514\" class=\"qtranxs-available-language-link qtranxs-available-language-link-cs\" title=\"\u010ce\u0161tina\">\u010ce\u0161tina<\/a>.<\/p>","protected":false},"excerpt":{"rendered":"<p>Sorry, this entry is only available in \u010ce\u0161tina.<\/p>\n","protected":false},"author":2,"featured_media":0,"parent":52,"menu_order":0,"comment_status":"closed","ping_status":"closed","template":"","meta":{"_acf_changed":false,"footnotes":""},"class_list":["post-2514","page","type-page","status-publish","hentry"],"acf":[],"_links":{"self":[{"href":"https:\/\/pos.cz\/en\/wp-json\/wp\/v2\/pages\/2514","targetHints":{"allow":["GET"]}}],"collection":[{"href":"https:\/\/pos.cz\/en\/wp-json\/wp\/v2\/pages"}],"about":[{"href":"https:\/\/pos.cz\/en\/wp-json\/wp\/v2\/types\/page"}],"author":[{"embeddable":true,"href":"https:\/\/pos.cz\/en\/wp-json\/wp\/v2\/users\/2"}],"replies":[{"embeddable":true,"href":"https:\/\/pos.cz\/en\/wp-json\/wp\/v2\/comments?post=2514"}],"version-history":[{"count":14,"href":"https:\/\/pos.cz\/en\/wp-json\/wp\/v2\/pages\/2514\/revisions"}],"predecessor-version":[{"id":2543,"href":"https:\/\/pos.cz\/en\/wp-json\/wp\/v2\/pages\/2514\/revisions\/2543"}],"up":[{"embeddable":true,"href":"https:\/\/pos.cz\/en\/wp-json\/wp\/v2\/pages\/52"}],"wp:attachment":[{"href":"https:\/\/pos.cz\/en\/wp-json\/wp\/v2\/media?parent=2514"}],"curies":[{"name":"wp","href":"https:\/\/api.w.org\/{rel}","templated":true}]}}