{"id":21,"date":"2016-03-08T09:37:46","date_gmt":"2016-03-08T08:37:46","guid":{"rendered":"https:\/\/pos.cz\/?page_id=21"},"modified":"2026-03-10T11:21:38","modified_gmt":"2026-03-10T10:21:38","slug":"certifikace","status":"publish","type":"page","link":"https:\/\/pos.cz\/en\/certifikace\/","title":{"rendered":"Certification"},"content":{"rendered":"<p><\/p>\n<ul style=\"list-style-type: disc;\">\n<li>The company \u201cPoli\u010dsk\u00e9 stroj\u00edrny a.s.\u201d has an implemented, maintained and documented Integrated Quality Management System meeting the requirements of EN ISO 9001:2015, EN ISO 14001:2015, AQAP 2110 (\u010cOS 051622). The IATF 16949:2016 standard has been introduced for the development and production of pneumatic elements.<\/li>\n<li>The firm purposefully controls and continually improves all processes affecting customer satisfaction.<\/li>\n<\/ul>\n<p>&nbsp;<\/p>\n<table style=\"border-color: #515150; background-color: #f0f0f0;\">\n<tbody>\n<tr>\n<td style=\"vertical-align: top;\"><strong>Year 2016<\/strong><\/td>\n<td style=\"vertical-align: top;\">Customer audit by \u00da\u0159 OSK SOJ (Defence Standardization, Catalogization and Government Quality Assurance Authority) in Prague, the Certificate of Conformity of the Management System with the requirements of ISO 9001:2008\u00a0and\u00a0\u010cOS 051622(AQAP 2110) standards was issued. Recertification of the system.<\/td>\n<\/tr>\n<tr>\n<td style=\"vertical-align: top;\"><strong>Year 2017<\/strong><\/td>\n<td style=\"vertical-align: top;\">First surveillance audit by \u00da\u0159 OSK SOJ in Prague, the Certificate of Conformity of the Management System with the requirements of ISO 9001:2008\u00a0and\u00a0\u010cOS 051622(AQAP 2110) standards was issued. Change in the extent of validity. The certificate was issued in connection to organisational changes.<br \/>\nRecertification of the system according to EN ISO 9001:2015, EN ISO 14001:2014, BS OHSAS 18001:2007.<br \/>\nCertification of Quality Management System according to IATF 16949:2016 standard.<\/td>\n<\/tr>\n<tr>\n<td style=\"vertical-align: top;\"><strong>Year 2020<\/strong><\/td>\n<td style=\"vertical-align: top;\">Recertification of the system according to EN ISO 9001:2015, EN ISO 14001:2014<\/td>\n<\/tr>\n<tr>\n<td style=\"vertical-align: top;\"><strong>Year 2021<\/strong><\/td>\n<td style=\"vertical-align: top;\">Recertificitaion of the system according to \u010cOS 051672 (AQAP 2110)<\/p>\n<p>Customer system audit according to regulations \u010cD V6\/1 a V6\/2.<\/td>\n<\/tr>\n<\/tbody>\n<\/table>\n<p><span style=\"font-family: tahoma, geneva, sans-serif;\"><br \/>\n<\/span><br \/>\n<strong><br \/>\nAdditional information:\u00a0<\/strong><\/p>\n<ul>\n<li><strong>Poli\u010dsk\u00e9 stroj\u00edrny a.s.<\/strong>\u00a0is committed to communicate its environment protection policy to the public openly.<\/li>\n<\/ul>\n<p>&nbsp;<\/p>\n<hr \/>\n<p><a href=\"https:\/\/pos.cz\/wp-content\/uploads\/2023\/11\/9001_2015_en.pdf\"><img loading=\"lazy\" decoding=\"async\" class=\"alignnone wp-image-3943\" src=\"https:\/\/pos.cz\/wp-content\/uploads\/2020\/10\/9001_2015_en_2020-212x300.png\" alt=\"\" width=\"191\" height=\"270\" srcset=\"https:\/\/pos.cz\/wp-content\/uploads\/2020\/10\/9001_2015_en_2020-212x300.png 212w, https:\/\/pos.cz\/wp-content\/uploads\/2020\/10\/9001_2015_en_2020.png 647w\" sizes=\"auto, (max-width: 191px) 100vw, 191px\" \/><\/a><a href=\"https:\/\/pos.cz\/wp-content\/uploads\/2023\/11\/14001_2015_en.pdf\"><img loading=\"lazy\" decoding=\"async\" class=\"alignnone wp-image-3939\" src=\"https:\/\/pos.cz\/wp-content\/uploads\/2020\/10\/14001_2015_en_2020-213x300.png\" alt=\"\" width=\"192\" height=\"270\" srcset=\"https:\/\/pos.cz\/wp-content\/uploads\/2020\/10\/14001_2015_en_2020-213x300.png 213w, https:\/\/pos.cz\/wp-content\/uploads\/2020\/10\/14001_2015_en_2020.png 649w\" sizes=\"auto, (max-width: 192px) 100vw, 192px\" \/><\/a>\u00a0<a href=\"https:\/\/pos.cz\/wp-content\/uploads\/2021\/11\/Osvedceni_AQAP_en.pdf\"><img loading=\"lazy\" decoding=\"async\" class=\"alignnone wp-image-4168\" src=\"https:\/\/pos.cz\/wp-content\/uploads\/2021\/11\/certificate_AQAP_en-211x300.png\" alt=\"\" width=\"187\" height=\"266\" srcset=\"https:\/\/pos.cz\/wp-content\/uploads\/2021\/11\/certificate_AQAP_en-211x300.png 211w, https:\/\/pos.cz\/wp-content\/uploads\/2021\/11\/certificate_AQAP_en.png 641w\" sizes=\"auto, (max-width: 187px) 100vw, 187px\" \/><\/a><\/p>\n<p style=\"text-align: left;\">\n<p><\/p>","protected":false},"excerpt":{"rendered":"<p>The company \u201cPoli\u010dsk\u00e9 stroj\u00edrny a.s.\u201d has an implemented, maintained and documented Integrated Quality Management System meeting the requirements of EN ISO 9001:2015, EN ISO 14001:2015, AQAP 2110 (\u010cOS 051622). The IATF 16949:2016 standard has been introduced for the development and production of pneumatic elements. The firm purposefully controls and continually improves all processes affecting customer &hellip;<\/p>\n","protected":false},"author":1,"featured_media":0,"parent":0,"menu_order":0,"comment_status":"open","ping_status":"open","template":"","meta":{"_acf_changed":false,"footnotes":""},"class_list":["post-21","page","type-page","status-publish","hentry"],"acf":[],"_links":{"self":[{"href":"https:\/\/pos.cz\/en\/wp-json\/wp\/v2\/pages\/21","targetHints":{"allow":["GET"]}}],"collection":[{"href":"https:\/\/pos.cz\/en\/wp-json\/wp\/v2\/pages"}],"about":[{"href":"https:\/\/pos.cz\/en\/wp-json\/wp\/v2\/types\/page"}],"author":[{"embeddable":true,"href":"https:\/\/pos.cz\/en\/wp-json\/wp\/v2\/users\/1"}],"replies":[{"embeddable":true,"href":"https:\/\/pos.cz\/en\/wp-json\/wp\/v2\/comments?post=21"}],"version-history":[{"count":151,"href":"https:\/\/pos.cz\/en\/wp-json\/wp\/v2\/pages\/21\/revisions"}],"predecessor-version":[{"id":4252,"href":"https:\/\/pos.cz\/en\/wp-json\/wp\/v2\/pages\/21\/revisions\/4252"}],"wp:attachment":[{"href":"https:\/\/pos.cz\/en\/wp-json\/wp\/v2\/media?parent=21"}],"curies":[{"name":"wp","href":"https:\/\/api.w.org\/{rel}","templated":true}]}}