{"id":19,"date":"2016-03-08T09:37:26","date_gmt":"2016-03-08T08:37:26","guid":{"rendered":"https:\/\/pos.cz\/?page_id=19"},"modified":"2023-05-24T09:56:52","modified_gmt":"2023-05-24T08:56:52","slug":"produkty-a-sluzby","status":"publish","type":"page","link":"https:\/\/pos.cz\/en\/produkty-a-sluzby\/","title":{"rendered":"Product and Services"},"content":{"rendered":"<p><\/p>\n<div class=\"categories row\">\n<div class=\"col-md-6\">\n<div class=\"row\">\n<div class=\"item\">\n<table>\n<tbody>\n<tr>\n<td><a href=\"\/produkty-a-sluzby\/dverni-systemy-autobusu\/\"><img decoding=\"async\" class=\"img-responsive\" style=\"width: 235px; height: 154px;\" src=\"\/wp-content\/uploads\/2016\/03\/produkty_a_sluzby_dverni_systemy.png\" alt=\"Dve\u0159n\u00ed syst\u00e9my autobus\u016f\" \/><\/a><\/td>\n<td>\n<h3><a href=\"\/produkty-a-sluzby\/dverni-systemy-autobusu\/\">Bus Door Systems<\/a><\/h3>\n<\/td>\n<\/tr>\n<\/tbody>\n<\/table>\n<\/div>\n<\/div>\n<\/div>\n<div class=\"col-md-6\">\n<div class=\"row\">\n<div class=\"item\">\n<table>\n<tbody>\n<tr>\n<td><a href=\"\/produkty-a-sluzby\/pneumaticke-prvky-standardni\/\"><img loading=\"lazy\" decoding=\"async\" class=\"img-responsive alignnone\" style=\"width: 235px; height: 154px;\" src=\"\/wp-content\/uploads\/2016\/03\/produkty_a_sluzby_pneumaticke_prvky.png\" alt=\"Pneumatick\u00e9 prvky standardn\u00ed\" width=\"235\" height=\"154\" \/><\/a><\/td>\n<td>\n<h3><a href=\"\/produkty-a-sluzby\/pneumaticke-prvky-standardni\/\">Standard Pneumatic Elements<\/a><\/h3>\n<\/td>\n<\/tr>\n<\/tbody>\n<\/table>\n<\/div>\n<\/div>\n<\/div>\n<div class=\"col-md-6\">\n<div class=\"row\">\n<div class=\"item\">\n<table>\n<tbody>\n<tr>\n<td><a href=\"https:\/\/pos.cz\/wp-content\/uploads\/2016\/03\/produkty_a_sluzby_merici_technika.png\"><img loading=\"lazy\" decoding=\"async\" class=\"alignnone size-full wp-image-237\" src=\"https:\/\/pos.cz\/wp-content\/uploads\/2016\/03\/produkty_a_sluzby_merici_technika.png\" alt=\"\" width=\"235\" height=\"154\" \/><\/a><\/td>\n<td>\n<h3><a href=\"\/produkty-a-sluzby\/merici-a-cerpaci-technika\/\">Measurement and Pumping Equipment<\/a><\/h3>\n<\/td>\n<\/tr>\n<\/tbody>\n<\/table>\n<\/div>\n<\/div>\n<\/div>\n<div class=\"col-md-6\">\n<div class=\"row\">\n<div class=\"item\">\n<table>\n<tbody>\n<tr>\n<td><a href=\"\/produkty-a-sluzby\/zakazkova-strojirenska-vyroba\/\"><img loading=\"lazy\" decoding=\"async\" class=\"img-responsive alignnone\" style=\"width: 235px; height: 154px;\" src=\"\/wp-content\/uploads\/2016\/03\/produkty_a_sluzby_zakazkova_strojirenska_vyroba.png\" alt=\"Zak\u00e1zkov\u00e1 stroj\u00edrensk\u00e1 v\u00fdroba\" width=\"235\" height=\"154\" \/><\/a><\/td>\n<td>\n<h3><a href=\"\/produkty-a-sluzby\/zakazkova-strojirenska-vyroba\/\">Custom Manufacturing<\/a><\/h3>\n<\/td>\n<\/tr>\n<\/tbody>\n<\/table>\n<\/div>\n<\/div>\n<\/div>\n<div class=\"col-md-6\">\n<div class=\"row\">\n<div class=\"item\">\n<table>\n<tbody>\n<tr>\n<td><a href=\"https:\/\/pos.cz\/wp-content\/uploads\/2016\/03\/zkusebna_2017_m-e1519372009943.jpg\"><img loading=\"lazy\" decoding=\"async\" class=\"alignnone wp-image-2292\" src=\"https:\/\/pos.cz\/wp-content\/uploads\/2016\/03\/zkusebna_2017_m-300x200.jpg\" alt=\"\" width=\"233\" height=\"155\" \/><\/a><\/td>\n<td>\n<h3><a href=\"\/produkty-a-sluzby\/nabizene-sluzby\/\">Services offered<\/a><\/h3>\n<\/td>\n<\/tr>\n<\/tbody>\n<\/table>\n<\/div>\n<\/div>\n<\/div>\n<\/div>\n<p><\/p>","protected":false},"excerpt":{"rendered":"<p>Bus Door Systems Standard Pneumatic Elements Measurement and Pumping Equipment Custom Manufacturing Services offered<\/p>\n","protected":false},"author":1,"featured_media":0,"parent":0,"menu_order":0,"comment_status":"open","ping_status":"open","template":"","meta":{"_acf_changed":false,"footnotes":""},"class_list":["post-19","page","type-page","status-publish","hentry"],"acf":[],"_links":{"self":[{"href":"https:\/\/pos.cz\/en\/wp-json\/wp\/v2\/pages\/19","targetHints":{"allow":["GET"]}}],"collection":[{"href":"https:\/\/pos.cz\/en\/wp-json\/wp\/v2\/pages"}],"about":[{"href":"https:\/\/pos.cz\/en\/wp-json\/wp\/v2\/types\/page"}],"author":[{"embeddable":true,"href":"https:\/\/pos.cz\/en\/wp-json\/wp\/v2\/users\/1"}],"replies":[{"embeddable":true,"href":"https:\/\/pos.cz\/en\/wp-json\/wp\/v2\/comments?post=19"}],"version-history":[{"count":87,"href":"https:\/\/pos.cz\/en\/wp-json\/wp\/v2\/pages\/19\/revisions"}],"predecessor-version":[{"id":4329,"href":"https:\/\/pos.cz\/en\/wp-json\/wp\/v2\/pages\/19\/revisions\/4329"}],"wp:attachment":[{"href":"https:\/\/pos.cz\/en\/wp-json\/wp\/v2\/media?parent=19"}],"curies":[{"name":"wp","href":"https:\/\/api.w.org\/{rel}","templated":true}]}}