{"id":17,"date":"2016-03-08T09:37:05","date_gmt":"2016-03-08T08:37:05","guid":{"rendered":"https:\/\/pos.cz\/?page_id=17"},"modified":"2024-01-15T09:39:39","modified_gmt":"2024-01-15T08:39:39","slug":"o-spolecnosti","status":"publish","type":"page","link":"https:\/\/pos.cz\/en\/o-spolecnosti\/","title":{"rendered":"Company profile"},"content":{"rendered":"<p>Poli\u010dsk\u00e9 stroj\u00edrny, a.s. is the largest manufacturer of door systems for mass transport vehicles and a reliable producer of pneumatic elements. By continuous modernization of machinery in turning centres, milling centres and welding technologies we ensure high quality of supplied systems, elements and products for our customers. We strive to develop trustworthy and long-term partnerships with our customers. With innovative and powerful solutions that are underpinned by joint development, we guarantee the best solutions to meet the expectations, comfort and safety of our customers and end users.<\/p>\n<hr \/>\n<h3>History<\/h3>\n<p><strong>Poli\u010dsk\u00e9 stroj\u00edrny a.s.<\/strong>\u00a0Poli\u010dsk\u00e9 stroj\u00edrny is a company with a long history. The company was established under the name\u00a0&#8220;The First Military Ammunition Factory&#8221; in 1920 in direct response to the need of stronger defence forces in the difficult period after the First World War. In that period, the production was mainly focused on hand grenades and artillery ammunition.<\/p>\n<p>Another milestone is the year 1958 when the factory became a branch of Adamovsk\u00e9 stroj\u00edrny in Adamov, and began to manufacture engineering products.<\/p>\n<p>In subsequent years the manufacture of pneumatic elements was gradually developed. Another significant part of the manufacturing programme has been fuel pumping and measuring equipment since 1965.<\/p>\n<p>&nbsp;<\/p>\n<p><b><img decoding=\"async\" style=\"width: 200px; height: 125px;\" src=\"\/wp-content\/uploads\/2016\/03\/o_spolecnosti_1945_pumy.jpg\" alt=\"\" \/>\u00a0 \u00a0 \u00a0 \u00a0 \u00a0 \u00a0 \u00a0 \u00a0 \u00a0\u00a0<\/b><img decoding=\"async\" style=\"width: 200px; height: 125px;\" src=\"\/wp-content\/uploads\/2016\/03\/o_spolecnosti_prvni_drevene_budovy1920.jpg\" alt=\"\" \/>\u00a0 \u00a0 \u00a0 \u00a0 \u00a0 \u00a0 \u00a0 \u00a0 \u00a0\u00a0<span style=\"font-family: tahoma,geneva,sans-serif;\"><span style=\"font-size: 14px;\"><img decoding=\"async\" style=\"width: 200px; height: 125px;\" src=\"\/wp-content\/uploads\/2016\/03\/o_spolecosti_adm_budova_adast_1977.jpg\" alt=\"\" \/>\u00a0 \u00a0 \u00a0 \u00a0 \u00a0 \u00a0 \u00a0 \u00a0\u00a0\u00a0\u00a0<\/span><\/span><img decoding=\"async\" style=\"width: 200px; height: 125px;\" src=\"\/wp-content\/uploads\/2016\/03\/o_spolecnost_iobj102_1959_dokoncena1962.jpg\" alt=\"\" \/><\/p>\n<p>&nbsp;<\/p>\n<p>In May 1992, Poli\u010dsk\u00e9 stroj\u00edrny became a joint stock company. The company operates a wide range of manufacturing activities and specializes in the manufacture and sale of pneumatic elements. Since 2007, the manufacture of pneumatic elements and control accessories for door systems of public transport vehicles and the manufacture and sale of standard pneumatic elements have become key business activities.<\/p>\n<p>The manufacturing programme includes also the supply of individual components as well as whole technological units in the field of measurement and pumping equipment.<\/p>\n<p>Another important activity of Poli\u010dsk\u00e9 stroj\u00edrny a.s. is custom manufacturing.<\/p>\n<p>&nbsp;<\/p>\n<p><span style=\"font-family: tahoma,geneva,sans-serif;\"><span style=\"font-size: 14px;\"><img decoding=\"async\" style=\"width: 200px; height: 125px;\" src=\"\/wp-content\/uploads\/2016\/03\/o_spolecnosti_PoS_expedice_2014.jpg\" alt=\"\" \/>\u00a0 \u00a0 \u00a0 \u00a0 \u00a0 \u00a0 \u00a0 \u00a0 \u00a0<\/span><\/span><img decoding=\"async\" style=\"width: 200px; height: 125px;\" src=\"\/wp-content\/uploads\/2016\/03\/o_spolecnosti_PoS_107_2014.jpg\" alt=\"\" \/>\u00a0 \u00a0 \u00a0 \u00a0 \u00a0 \u00a0 \u00a0 \u00a0 \u00a0<img decoding=\"async\" style=\"width: 203px; height: 125px;\" src=\"\/wp-content\/uploads\/2016\/03\/o_spolecnosti_204_2007.jpg\" alt=\"\" \/>\u00a0 \u00a0 \u00a0 \u00a0 \u00a0 \u00a0 \u00a0 \u00a0\u00a0\u00a0<img decoding=\"async\" style=\"width: 200px; height: 125px;\" src=\"\/wp-content\/uploads\/2016\/03\/o_spolecnosti_montaz-rampa_2014.jpg\" alt=\"\" \/><\/p>\n<p>&nbsp;<\/p>\n<p>Poli\u010dsk\u00e9 stroj\u00edrny a.s. has an integrated management system according to<\/p>\n<p>ISO 9001,\u00a0ISO 14001 and\u00a0\u010cOS 051622 (AQAP 2110), as well as ISO\/TS 1694 for automotive products.<\/p>\n<h3><\/h3>\n<p style=\"clear: both;\"><!--EndFragment--><\/p>\n<p><\/p>","protected":false},"excerpt":{"rendered":"<p>Poli\u010dsk\u00e9 stroj\u00edrny, a.s. is the largest manufacturer of door systems for mass transport vehicles and a reliable producer of pneumatic elements. By continuous modernization of machinery in turning centres, milling centres and welding technologies we ensure high quality of supplied systems, elements and products for our customers. We strive to develop trustworthy and long-term partnerships &hellip;<\/p>\n","protected":false},"author":1,"featured_media":0,"parent":0,"menu_order":0,"comment_status":"open","ping_status":"open","template":"","meta":{"_acf_changed":false,"footnotes":""},"class_list":["post-17","page","type-page","status-publish","hentry"],"acf":[],"_links":{"self":[{"href":"https:\/\/pos.cz\/en\/wp-json\/wp\/v2\/pages\/17","targetHints":{"allow":["GET"]}}],"collection":[{"href":"https:\/\/pos.cz\/en\/wp-json\/wp\/v2\/pages"}],"about":[{"href":"https:\/\/pos.cz\/en\/wp-json\/wp\/v2\/types\/page"}],"author":[{"embeddable":true,"href":"https:\/\/pos.cz\/en\/wp-json\/wp\/v2\/users\/1"}],"replies":[{"embeddable":true,"href":"https:\/\/pos.cz\/en\/wp-json\/wp\/v2\/comments?post=17"}],"version-history":[{"count":60,"href":"https:\/\/pos.cz\/en\/wp-json\/wp\/v2\/pages\/17\/revisions"}],"predecessor-version":[{"id":4384,"href":"https:\/\/pos.cz\/en\/wp-json\/wp\/v2\/pages\/17\/revisions\/4384"}],"wp:attachment":[{"href":"https:\/\/pos.cz\/en\/wp-json\/wp\/v2\/media?parent=17"}],"curies":[{"name":"wp","href":"https:\/\/api.w.org\/{rel}","templated":true}]}}